{"id":2836,"date":"2022-02-21T12:49:50","date_gmt":"2022-02-21T12:49:50","guid":{"rendered":"https:\/\/pespaalumin.com\/services\/assembly-of-aluminum-products\/"},"modified":"2023-09-28T22:34:23","modified_gmt":"2023-09-28T22:34:23","slug":"montage-von-aluminiumprodukten","status":"publish","type":"page","link":"https:\/\/pespaalumin.com\/de\/dienstleistungen\/montage-von-aluminiumprodukten\/","title":{"rendered":"MONTAGE VON ALUMINIUMPRODUKTEN"},"content":{"rendered":"\t\t<div data-elementor-type=\"wp-page\" data-elementor-id=\"2836\" class=\"elementor elementor-2836 elementor-780\" data-elementor-post-type=\"page\">\n\t\t\t\t\t\t<section class=\"elementor-section elementor-top-section elementor-element elementor-element-50cb5fc elementor-section-height-min-height hero-home elementor-section-boxed elementor-section-height-default elementor-section-items-middle\" data-id=\"50cb5fc\" data-element_type=\"section\" data-e-type=\"section\" data-settings=\"{&quot;background_background&quot;:&quot;classic&quot;}\">\n\t\t\t\t\t\t\t<div class=\"elementor-background-overlay\"><\/div>\n\t\t\t\t\t\t\t<div class=\"elementor-container elementor-column-gap-default\">\n\t\t\t\t\t<div class=\"elementor-column elementor-col-100 elementor-top-column elementor-element elementor-element-eebecf5\" data-id=\"eebecf5\" data-element_type=\"column\" data-e-type=\"column\">\n\t\t\t<div class=\"elementor-widget-wrap elementor-element-populated\">\n\t\t\t\t\t\t<div class=\"elementor-element elementor-element-e9fbfee hero-title-style elementor-invisible elementor-widget elementor-widget-heading\" data-id=\"e9fbfee\" data-element_type=\"widget\" data-e-type=\"widget\" data-settings=\"{&quot;_animation&quot;:&quot;pulse&quot;}\" data-widget_type=\"heading.default\">\n\t\t\t\t<div class=\"elementor-widget-container\">\n\t\t\t\t\t<h2 class=\"elementor-heading-title elementor-size-default\">MONTAGE VON ALUMINIUMPRODUKTEN\n<\/h2>\t\t\t\t<\/div>\n\t\t\t\t<\/div>\n\t\t\t\t\t<\/div>\n\t\t<\/div>\n\t\t\t\t\t<\/div>\n\t\t<\/section>\n\t\t\t\t<section class=\"elementor-section elementor-top-section elementor-element elementor-element-618273a elementor-section-boxed elementor-section-height-default elementor-section-height-default\" data-id=\"618273a\" data-element_type=\"section\" data-e-type=\"section\" data-settings=\"{&quot;background_background&quot;:&quot;classic&quot;}\">\n\t\t\t\t\t\t<div class=\"elementor-container elementor-column-gap-default\">\n\t\t\t\t\t<div class=\"elementor-column elementor-col-100 elementor-top-column elementor-element elementor-element-0ee1607\" data-id=\"0ee1607\" data-element_type=\"column\" data-e-type=\"column\">\n\t\t\t<div class=\"elementor-widget-wrap elementor-element-populated\">\n\t\t\t\t\t\t<div class=\"elementor-element elementor-element-e80890c elementor-invisible elementor-widget elementor-widget-text-editor\" data-id=\"e80890c\" data-element_type=\"widget\" data-e-type=\"widget\" data-settings=\"{&quot;_animation&quot;:&quot;fadeIn&quot;}\" data-widget_type=\"text-editor.default\">\n\t\t\t\t<div class=\"elementor-widget-container\">\n\t\t\t\t\t\t\t\t\t<p><strong>Montage von Aluminiumprodukten<\/strong> wie Profilen mit Zubeh\u00f6r, verschiedenen Pfostentypen, einschlie\u00dflich geschwei\u00dfter Halbzeuge und Schraubverbindungen f\u00fcr verschiedene Sektoren und Industrien, in denen Aluminiumprodukte im Zivilbau, im Industriebau mit Aluminiumstrukturen, in montierten Produkten f\u00fcr die M\u00f6belindustrie und im Bereich erneuerbare Energien eingesetzt werden mit Photovoltaikanlagen, Automotive, Maschinen etc.<\/p>\t\t\t\t\t\t\t\t<\/div>\n\t\t\t\t<\/div>\n\t\t\t\t\t<\/div>\n\t\t<\/div>\n\t\t\t\t\t<\/div>\n\t\t<\/section>\n\t\t\t\t<section class=\"elementor-section elementor-top-section elementor-element elementor-element-544b95b9 elementor-section-boxed elementor-section-height-default elementor-section-height-default\" data-id=\"544b95b9\" data-element_type=\"section\" data-e-type=\"section\">\n\t\t\t\t\t\t<div class=\"elementor-container elementor-column-gap-default\">\n\t\t\t\t\t<div class=\"elementor-column elementor-col-100 elementor-top-column elementor-element elementor-element-49279548\" data-id=\"49279548\" data-element_type=\"column\" data-e-type=\"column\">\n\t\t\t<div class=\"elementor-widget-wrap elementor-element-populated\">\n\t\t\t\t\t\t<div class=\"elementor-element elementor-element-55b2bc03 elementor-invisible elementor-widget elementor-widget-heading\" data-id=\"55b2bc03\" data-element_type=\"widget\" data-e-type=\"widget\" data-settings=\"{&quot;_animation&quot;:&quot;fadeInDown&quot;}\" data-widget_type=\"heading.default\">\n\t\t\t\t<div class=\"elementor-widget-container\">\n\t\t\t\t\t<h2 class=\"elementor-heading-title elementor-size-default\">HERSTELLUNG VON SOLARPANELKLEMMEN<\/h2>\t\t\t\t<\/div>\n\t\t\t\t<\/div>\n\t\t\t\t<div class=\"elementor-element elementor-element-2d6790a3 elementor-widget-divider--view-line elementor-widget elementor-widget-divider\" data-id=\"2d6790a3\" data-element_type=\"widget\" data-e-type=\"widget\" data-widget_type=\"divider.default\">\n\t\t\t\t<div class=\"elementor-widget-container\">\n\t\t\t\t\t\t\t<div class=\"elementor-divider\">\n\t\t\t<span class=\"elementor-divider-separator\">\n\t\t\t\t\t\t<\/span>\n\t\t<\/div>\n\t\t\t\t\t\t<\/div>\n\t\t\t\t<\/div>\n\t\t\t\t<div class=\"elementor-element elementor-element-1d06efb5 elementor-align-center elementor-widget elementor-widget-button\" data-id=\"1d06efb5\" data-element_type=\"widget\" data-e-type=\"widget\" data-widget_type=\"button.default\">\n\t\t\t\t<div class=\"elementor-widget-container\">\n\t\t\t\t\t\t\t\t\t<div class=\"elementor-button-wrapper\">\n\t\t\t\t\t<a class=\"elementor-button elementor-button-link elementor-size-sm\" href=\"https:\/\/pespaalumin.com\/de\/solarpanel-klemmen-und-komponenten-herstellung\/\">\n\t\t\t\t\t\t<span class=\"elementor-button-content-wrapper\">\n\t\t\t\t\t\t\t\t\t<span class=\"elementor-button-text\">Mehr Erfahren<\/span>\n\t\t\t\t\t<\/span>\n\t\t\t\t\t<\/a>\n\t\t\t\t<\/div>\n\t\t\t\t\t\t\t\t<\/div>\n\t\t\t\t<\/div>\n\t\t\t\t\t<\/div>\n\t\t<\/div>\n\t\t\t\t\t<\/div>\n\t\t<\/section>\n\t\t\t\t<section class=\"elementor-section elementor-top-section elementor-element elementor-element-43b4b4f2 elementor-section-boxed elementor-section-height-default elementor-section-height-default\" data-id=\"43b4b4f2\" data-element_type=\"section\" data-e-type=\"section\">\n\t\t\t\t\t\t<div class=\"elementor-container elementor-column-gap-default\">\n\t\t\t\t\t<div class=\"elementor-column elementor-col-100 elementor-top-column elementor-element elementor-element-7c19bcf7\" data-id=\"7c19bcf7\" data-element_type=\"column\" data-e-type=\"column\">\n\t\t\t<div class=\"elementor-widget-wrap elementor-element-populated\">\n\t\t\t\t\t\t<div class=\"elementor-element elementor-element-58f9653f elementor-invisible elementor-widget elementor-widget-heading\" data-id=\"58f9653f\" data-element_type=\"widget\" data-e-type=\"widget\" data-settings=\"{&quot;_animation&quot;:&quot;fadeInDown&quot;}\" data-widget_type=\"heading.default\">\n\t\t\t\t<div class=\"elementor-widget-container\">\n\t\t\t\t\t<h2 class=\"elementor-heading-title elementor-size-default\">Senden Sie Ihr Projekt<\/h2>\t\t\t\t<\/div>\n\t\t\t\t<\/div>\n\t\t\t\t<div class=\"elementor-element elementor-element-7f9f825d elementor-invisible elementor-widget elementor-widget-text-editor\" data-id=\"7f9f825d\" data-element_type=\"widget\" data-e-type=\"widget\" data-settings=\"{&quot;_animation&quot;:&quot;fadeIn&quot;}\" data-widget_type=\"text-editor.default\">\n\t\t\t\t<div class=\"elementor-widget-container\">\n\t\t\t\t\t\t\t\t\t<p>\n<div class=\"wpcf7 no-js\" id=\"wpcf7-f3183-o1\" lang=\"en-US\" dir=\"ltr\" data-wpcf7-id=\"3183\">\n<div class=\"screen-reader-response\"><p role=\"status\" aria-live=\"polite\" aria-atomic=\"true\"><\/p> <ul><\/ul><\/div>\n<form action=\"\/de\/wp-json\/wp\/v2\/pages\/2836#wpcf7-f3183-o1\" method=\"post\" class=\"wpcf7-form init\" aria-label=\"Kontaktformular\" enctype=\"multipart\/form-data\" novalidate=\"novalidate\" data-status=\"init\">\n<fieldset class=\"hidden-fields-container\"><input type=\"hidden\" name=\"_wpcf7\" value=\"3183\" \/><input type=\"hidden\" name=\"_wpcf7_version\" value=\"6.1.5\" \/><input type=\"hidden\" name=\"_wpcf7_locale\" value=\"en_US\" \/><input type=\"hidden\" name=\"_wpcf7_unit_tag\" value=\"wpcf7-f3183-o1\" \/><input type=\"hidden\" name=\"_wpcf7_container_post\" value=\"0\" \/><input type=\"hidden\" name=\"_wpcf7_posted_data_hash\" value=\"\" \/>\n<\/fieldset>\n<div class=\"contact-wrapper\">\n\t<div class=\"two-col\">\n\t\t<div class=\"single-col\">\n\t\t\t<p><span class=\"wpcf7-form-control-wrap\" data-name=\"your-name\"><input size=\"40\" maxlength=\"400\" class=\"wpcf7-form-control wpcf7-text wpcf7-validates-as-required\" aria-required=\"true\" aria-invalid=\"false\" placeholder=\"Name\" value=\"\" type=\"text\" name=\"your-name\" \/><\/span>\n\t\t\t<\/p>\n\t\t<\/div>\n\t\t<div class=\"single-col\">\n\t\t\t<p><span class=\"wpcf7-form-control-wrap\" data-name=\"your-surname\"><input size=\"40\" maxlength=\"400\" class=\"wpcf7-form-control wpcf7-text wpcf7-validates-as-required\" aria-required=\"true\" aria-invalid=\"false\" placeholder=\"Nachname\" value=\"\" type=\"text\" name=\"your-surname\" \/><\/span>\n\t\t\t<\/p>\n\t\t<\/div>\n\t\t<div class=\"single-col\">\n\t\t\t<p><span class=\"wpcf7-form-control-wrap\" data-name=\"country\"><input size=\"40\" maxlength=\"400\" class=\"wpcf7-form-control wpcf7-text wpcf7-validates-as-required\" aria-required=\"true\" aria-invalid=\"false\" placeholder=\"Land\" value=\"\" type=\"text\" name=\"country\" \/><\/span>\n\t\t\t<\/p>\n\t\t<\/div>\n\t\t<div class=\"single-col\">\n\t\t\t<p><span class=\"wpcf7-form-control-wrap\" data-name=\"your-email\"><input size=\"40\" maxlength=\"400\" class=\"wpcf7-form-control wpcf7-email wpcf7-validates-as-required wpcf7-text wpcf7-validates-as-email\" aria-required=\"true\" aria-invalid=\"false\" placeholder=\"E-mail\" value=\"\" type=\"email\" name=\"your-email\" \/><\/span>\n\t\t\t<\/p>\n\t\t<\/div>\n\t\t<div class=\"single-col\">\n\t\t\t<p><span class=\"wpcf7-form-control-wrap\" data-name=\"phone-number\"><input size=\"40\" maxlength=\"400\" class=\"wpcf7-form-control wpcf7-tel wpcf7-validates-as-required wpcf7-text wpcf7-validates-as-tel\" aria-required=\"true\" aria-invalid=\"false\" placeholder=\"Telefon\" value=\"\" type=\"tel\" name=\"phone-number\" \/><\/span>\n\t\t\t<\/p>\n\t\t<\/div>\n\t\t<div class=\"single-col\">\n\t\t\t<p><span class=\"wpcf7-form-control-wrap\" data-name=\"company-name\"><input size=\"40\" maxlength=\"400\" class=\"wpcf7-form-control wpcf7-text wpcf7-validates-as-required\" aria-required=\"true\" aria-invalid=\"false\" placeholder=\"Firmenname\" value=\"\" type=\"text\" name=\"company-name\" \/><\/span>\n\t\t\t<\/p>\n\t\t<\/div>\n\t<\/div>\n\t<p><span class=\"wpcf7-form-control-wrap\" data-name=\"your-message\"><textarea cols=\"40\" rows=\"10\" maxlength=\"2000\" class=\"wpcf7-form-control wpcf7-textarea\" aria-invalid=\"false\" placeholder=\"Nachricht\" name=\"your-message\"><\/textarea><\/span>\n\t<\/p>\n\t<div class=\"submit-upload-c\">\n\t\t<div class=\"upload-c\">\n\t\t\t<p><span class=\"wpcf7-form-control-wrap\" data-name=\"upload\"><input size=\"40\" class=\"wpcf7-form-control wpcf7-file\" accept=\"audio\/*,video\/*,image\/*\" aria-invalid=\"false\" type=\"file\" name=\"upload\" \/><\/span>\n\t\t\t<\/p>\n\t\t<\/div>\n\t\t<div class=\"submit-c\">\n\t\t\t<p><input class=\"wpcf7-form-control wpcf7-submit has-spinner\" type=\"submit\" value=\"Schicken\" \/>\n\t\t\t<\/p>\n\t\t<\/div>\n\t<\/div>\n<\/div><div class=\"wpcf7-response-output\" aria-hidden=\"true\"><\/div>\n<\/form>\n<\/div>\n<\/p>\t\t\t\t\t\t\t\t<\/div>\n\t\t\t\t<\/div>\n\t\t\t\t\t<\/div>\n\t\t<\/div>\n\t\t\t\t\t<\/div>\n\t\t<\/section>\n\t\t\t\t<section class=\"elementor-section elementor-top-section elementor-element elementor-element-5d19758 elementor-section-boxed elementor-section-height-default elementor-section-height-default\" data-id=\"5d19758\" data-element_type=\"section\" data-e-type=\"section\">\n\t\t\t\t\t\t<div class=\"elementor-container elementor-column-gap-default\">\n\t\t\t\t\t<div class=\"elementor-column elementor-col-100 elementor-top-column elementor-element elementor-element-ec36d69\" data-id=\"ec36d69\" data-element_type=\"column\" data-e-type=\"column\">\n\t\t\t<div class=\"elementor-widget-wrap elementor-element-populated\">\n\t\t\t\t\t\t\t<\/div>\n\t\t<\/div>\n\t\t\t\t\t<\/div>\n\t\t<\/section>\n\t\t\t\t<\/div>\n\t\t","protected":false},"excerpt":{"rendered":"<p>MONTAGE VON ALUMINIUMPRODUKTEN Montage von Aluminiumprodukten wie Profilen mit Zubeh\u00f6r, verschiedenen Pfostentypen, einschlie\u00dflich geschwei\u00dfter Halbzeuge und Schraubverbindungen f\u00fcr verschiedene Sektoren und Industrien, in denen Aluminiumprodukte im Zivilbau, im Industriebau mit Aluminiumstrukturen, in montierten Produkten f\u00fcr die M\u00f6belindustrie und im Bereich erneuerbare Energien eingesetzt werden mit Photovoltaikanlagen, Automotive, Maschinen etc. HERSTELLUNG VON SOLARPANELKLEMMEN Mehr Erfahren Senden [&hellip;]<\/p>\n","protected":false},"author":10,"featured_media":0,"parent":2833,"menu_order":0,"comment_status":"closed","ping_status":"closed","template":"template-page-builder.php","meta":{"_vp_format_video_url":"","_vp_image_focal_point":[],"footnotes":""},"class_list":["post-2836","page","type-page","status-publish","hentry"],"yoast_head":"<!-- This site is optimized with the Yoast SEO plugin v27.3 - https:\/\/yoast.com\/product\/yoast-seo-wordpress\/ -->\n<title>MONTAGE VON ALUMINIUMPRODUKTEN - Pespa Alumin<\/title>\n<meta name=\"robots\" content=\"index, follow, max-snippet:-1, max-image-preview:large, max-video-preview:-1\" \/>\n<link rel=\"canonical\" href=\"https:\/\/pespaalumin.com\/de\/dienstleistungen\/montage-von-aluminiumprodukten\/\" \/>\n<meta property=\"og:locale\" content=\"de_DE\" \/>\n<meta property=\"og:type\" content=\"article\" \/>\n<meta property=\"og:title\" content=\"MONTAGE VON ALUMINIUMPRODUKTEN - Pespa Alumin\" \/>\n<meta property=\"og:description\" content=\"MONTAGE VON ALUMINIUMPRODUKTEN Montage von Aluminiumprodukten wie Profilen mit Zubeh\u00f6r, verschiedenen Pfostentypen, einschlie\u00dflich geschwei\u00dfter Halbzeuge und Schraubverbindungen f\u00fcr verschiedene Sektoren und Industrien, in denen Aluminiumprodukte im Zivilbau, im Industriebau mit Aluminiumstrukturen, in montierten Produkten f\u00fcr die M\u00f6belindustrie und im Bereich erneuerbare Energien eingesetzt werden mit Photovoltaikanlagen, Automotive, Maschinen etc. HERSTELLUNG VON SOLARPANELKLEMMEN Mehr Erfahren Senden [&hellip;]\" \/>\n<meta property=\"og:url\" content=\"https:\/\/pespaalumin.com\/de\/dienstleistungen\/montage-von-aluminiumprodukten\/\" \/>\n<meta property=\"og:site_name\" content=\"Pespa Alumin\" \/>\n<meta property=\"article:publisher\" content=\"https:\/\/www.facebook.com\/pespagroup.albania\" \/>\n<meta property=\"article:modified_time\" content=\"2023-09-28T22:34:23+00:00\" \/>\n<meta name=\"twitter:card\" content=\"summary_large_image\" \/>\n<script type=\"application\/ld+json\" class=\"yoast-schema-graph\">{\"@context\":\"https:\\\/\\\/schema.org\",\"@graph\":[{\"@type\":\"WebPage\",\"@id\":\"https:\\\/\\\/pespaalumin.com\\\/de\\\/dienstleistungen\\\/montage-von-aluminiumprodukten\\\/\",\"url\":\"https:\\\/\\\/pespaalumin.com\\\/de\\\/dienstleistungen\\\/montage-von-aluminiumprodukten\\\/\",\"name\":\"MONTAGE VON ALUMINIUMPRODUKTEN - Pespa Alumin\",\"isPartOf\":{\"@id\":\"https:\\\/\\\/pespaalumin.com\\\/#website\"},\"datePublished\":\"2022-02-21T12:49:50+00:00\",\"dateModified\":\"2023-09-28T22:34:23+00:00\",\"breadcrumb\":{\"@id\":\"https:\\\/\\\/pespaalumin.com\\\/de\\\/dienstleistungen\\\/montage-von-aluminiumprodukten\\\/#breadcrumb\"},\"inLanguage\":\"de-DE\",\"potentialAction\":[{\"@type\":\"ReadAction\",\"target\":[\"https:\\\/\\\/pespaalumin.com\\\/de\\\/dienstleistungen\\\/montage-von-aluminiumprodukten\\\/\"]}]},{\"@type\":\"BreadcrumbList\",\"@id\":\"https:\\\/\\\/pespaalumin.com\\\/de\\\/dienstleistungen\\\/montage-von-aluminiumprodukten\\\/#breadcrumb\",\"itemListElement\":[{\"@type\":\"ListItem\",\"position\":1,\"name\":\"Home\",\"item\":\"https:\\\/\\\/pespaalumin.com\\\/\"},{\"@type\":\"ListItem\",\"position\":2,\"name\":\"DIENSTLEISTUNGEN\",\"item\":\"https:\\\/\\\/pespaalumin.com\\\/de\\\/dienstleistungen\\\/\"},{\"@type\":\"ListItem\",\"position\":3,\"name\":\"MONTAGE VON ALUMINIUMPRODUKTEN\"}]},{\"@type\":\"WebSite\",\"@id\":\"https:\\\/\\\/pespaalumin.com\\\/#website\",\"url\":\"https:\\\/\\\/pespaalumin.com\\\/\",\"name\":\"Pespa Alumin\",\"description\":\"\",\"publisher\":{\"@id\":\"https:\\\/\\\/pespaalumin.com\\\/#organization\"},\"potentialAction\":[{\"@type\":\"SearchAction\",\"target\":{\"@type\":\"EntryPoint\",\"urlTemplate\":\"https:\\\/\\\/pespaalumin.com\\\/?s={search_term_string}\"},\"query-input\":{\"@type\":\"PropertyValueSpecification\",\"valueRequired\":true,\"valueName\":\"search_term_string\"}}],\"inLanguage\":\"de-DE\"},{\"@type\":\"Organization\",\"@id\":\"https:\\\/\\\/pespaalumin.com\\\/#organization\",\"name\":\"Pespa Alumin\",\"url\":\"https:\\\/\\\/pespaalumin.com\\\/\",\"logo\":{\"@type\":\"ImageObject\",\"inLanguage\":\"de-DE\",\"@id\":\"https:\\\/\\\/pespaalumin.com\\\/#\\\/schema\\\/logo\\\/image\\\/\",\"url\":\"https:\\\/\\\/pespaalumin.com\\\/wp-content\\\/uploads\\\/2022\\\/02\\\/Pespa-logo-8.png\",\"contentUrl\":\"https:\\\/\\\/pespaalumin.com\\\/wp-content\\\/uploads\\\/2022\\\/02\\\/Pespa-logo-8.png\",\"width\":187,\"height\":33,\"caption\":\"Pespa Alumin\"},\"image\":{\"@id\":\"https:\\\/\\\/pespaalumin.com\\\/#\\\/schema\\\/logo\\\/image\\\/\"},\"sameAs\":[\"https:\\\/\\\/www.facebook.com\\\/pespagroup.albania\",\"https:\\\/\\\/www.youtube.com\\\/@PESPAGROUP\"]}]}<\/script>\n<!-- \/ Yoast SEO plugin. -->","yoast_head_json":{"title":"MONTAGE VON ALUMINIUMPRODUKTEN - Pespa Alumin","robots":{"index":"index","follow":"follow","max-snippet":"max-snippet:-1","max-image-preview":"max-image-preview:large","max-video-preview":"max-video-preview:-1"},"canonical":"https:\/\/pespaalumin.com\/de\/dienstleistungen\/montage-von-aluminiumprodukten\/","og_locale":"de_DE","og_type":"article","og_title":"MONTAGE VON ALUMINIUMPRODUKTEN - Pespa Alumin","og_description":"MONTAGE VON ALUMINIUMPRODUKTEN Montage von Aluminiumprodukten wie Profilen mit Zubeh\u00f6r, verschiedenen Pfostentypen, einschlie\u00dflich geschwei\u00dfter Halbzeuge und Schraubverbindungen f\u00fcr verschiedene Sektoren und Industrien, in denen Aluminiumprodukte im Zivilbau, im Industriebau mit Aluminiumstrukturen, in montierten Produkten f\u00fcr die M\u00f6belindustrie und im Bereich erneuerbare Energien eingesetzt werden mit Photovoltaikanlagen, Automotive, Maschinen etc. HERSTELLUNG VON SOLARPANELKLEMMEN Mehr Erfahren Senden [&hellip;]","og_url":"https:\/\/pespaalumin.com\/de\/dienstleistungen\/montage-von-aluminiumprodukten\/","og_site_name":"Pespa Alumin","article_publisher":"https:\/\/www.facebook.com\/pespagroup.albania","article_modified_time":"2023-09-28T22:34:23+00:00","twitter_card":"summary_large_image","schema":{"@context":"https:\/\/schema.org","@graph":[{"@type":"WebPage","@id":"https:\/\/pespaalumin.com\/de\/dienstleistungen\/montage-von-aluminiumprodukten\/","url":"https:\/\/pespaalumin.com\/de\/dienstleistungen\/montage-von-aluminiumprodukten\/","name":"MONTAGE VON ALUMINIUMPRODUKTEN - Pespa Alumin","isPartOf":{"@id":"https:\/\/pespaalumin.com\/#website"},"datePublished":"2022-02-21T12:49:50+00:00","dateModified":"2023-09-28T22:34:23+00:00","breadcrumb":{"@id":"https:\/\/pespaalumin.com\/de\/dienstleistungen\/montage-von-aluminiumprodukten\/#breadcrumb"},"inLanguage":"de-DE","potentialAction":[{"@type":"ReadAction","target":["https:\/\/pespaalumin.com\/de\/dienstleistungen\/montage-von-aluminiumprodukten\/"]}]},{"@type":"BreadcrumbList","@id":"https:\/\/pespaalumin.com\/de\/dienstleistungen\/montage-von-aluminiumprodukten\/#breadcrumb","itemListElement":[{"@type":"ListItem","position":1,"name":"Home","item":"https:\/\/pespaalumin.com\/"},{"@type":"ListItem","position":2,"name":"DIENSTLEISTUNGEN","item":"https:\/\/pespaalumin.com\/de\/dienstleistungen\/"},{"@type":"ListItem","position":3,"name":"MONTAGE VON ALUMINIUMPRODUKTEN"}]},{"@type":"WebSite","@id":"https:\/\/pespaalumin.com\/#website","url":"https:\/\/pespaalumin.com\/","name":"Pespa Alumin","description":"","publisher":{"@id":"https:\/\/pespaalumin.com\/#organization"},"potentialAction":[{"@type":"SearchAction","target":{"@type":"EntryPoint","urlTemplate":"https:\/\/pespaalumin.com\/?s={search_term_string}"},"query-input":{"@type":"PropertyValueSpecification","valueRequired":true,"valueName":"search_term_string"}}],"inLanguage":"de-DE"},{"@type":"Organization","@id":"https:\/\/pespaalumin.com\/#organization","name":"Pespa Alumin","url":"https:\/\/pespaalumin.com\/","logo":{"@type":"ImageObject","inLanguage":"de-DE","@id":"https:\/\/pespaalumin.com\/#\/schema\/logo\/image\/","url":"https:\/\/pespaalumin.com\/wp-content\/uploads\/2022\/02\/Pespa-logo-8.png","contentUrl":"https:\/\/pespaalumin.com\/wp-content\/uploads\/2022\/02\/Pespa-logo-8.png","width":187,"height":33,"caption":"Pespa Alumin"},"image":{"@id":"https:\/\/pespaalumin.com\/#\/schema\/logo\/image\/"},"sameAs":["https:\/\/www.facebook.com\/pespagroup.albania","https:\/\/www.youtube.com\/@PESPAGROUP"]}]}},"_links":{"self":[{"href":"https:\/\/pespaalumin.com\/de\/wp-json\/wp\/v2\/pages\/2836","targetHints":{"allow":["GET"]}}],"collection":[{"href":"https:\/\/pespaalumin.com\/de\/wp-json\/wp\/v2\/pages"}],"about":[{"href":"https:\/\/pespaalumin.com\/de\/wp-json\/wp\/v2\/types\/page"}],"author":[{"embeddable":true,"href":"https:\/\/pespaalumin.com\/de\/wp-json\/wp\/v2\/users\/10"}],"replies":[{"embeddable":true,"href":"https:\/\/pespaalumin.com\/de\/wp-json\/wp\/v2\/comments?post=2836"}],"version-history":[{"count":0,"href":"https:\/\/pespaalumin.com\/de\/wp-json\/wp\/v2\/pages\/2836\/revisions"}],"up":[{"embeddable":true,"href":"https:\/\/pespaalumin.com\/de\/wp-json\/wp\/v2\/pages\/2833"}],"wp:attachment":[{"href":"https:\/\/pespaalumin.com\/de\/wp-json\/wp\/v2\/media?parent=2836"}],"curies":[{"name":"wp","href":"https:\/\/api.w.org\/{rel}","templated":true}]}}