{"id":2834,"date":"2022-02-21T12:45:22","date_gmt":"2022-02-21T12:45:22","guid":{"rendered":"https:\/\/pespaalumin.com\/services\/aluminum-welding-for-semi-finished-and-finished-goods\/"},"modified":"2023-09-28T22:32:05","modified_gmt":"2023-09-28T22:32:05","slug":"aluminiumschweissen-fuer-halbfertig-und-fertigwaren","status":"publish","type":"page","link":"https:\/\/pespaalumin.com\/de\/dienstleistungen\/aluminiumschweissen-fuer-halbfertig-und-fertigwaren\/","title":{"rendered":"ALUMINIUMSCHWEI\u00dfEN F\u00dcR HALBFERTIG-UND FERTIGWAREN"},"content":{"rendered":"\t\t<div data-elementor-type=\"wp-page\" data-elementor-id=\"2834\" class=\"elementor elementor-2834 elementor-770\" data-elementor-post-type=\"page\">\n\t\t\t\t\t\t<section class=\"elementor-section elementor-top-section elementor-element elementor-element-50cb5fc elementor-section-height-min-height hero-home elementor-section-boxed elementor-section-height-default elementor-section-items-middle\" data-id=\"50cb5fc\" data-element_type=\"section\" data-e-type=\"section\" data-settings=\"{&quot;background_background&quot;:&quot;classic&quot;}\">\n\t\t\t\t\t\t\t<div class=\"elementor-background-overlay\"><\/div>\n\t\t\t\t\t\t\t<div class=\"elementor-container elementor-column-gap-default\">\n\t\t\t\t\t<div class=\"elementor-column elementor-col-100 elementor-top-column elementor-element elementor-element-eebecf5\" data-id=\"eebecf5\" data-element_type=\"column\" data-e-type=\"column\">\n\t\t\t<div class=\"elementor-widget-wrap elementor-element-populated\">\n\t\t\t\t\t\t<div class=\"elementor-element elementor-element-e9fbfee hero-title-style elementor-invisible elementor-widget elementor-widget-heading\" data-id=\"e9fbfee\" data-element_type=\"widget\" data-e-type=\"widget\" data-settings=\"{&quot;_animation&quot;:&quot;pulse&quot;}\" data-widget_type=\"heading.default\">\n\t\t\t\t<div class=\"elementor-widget-container\">\n\t\t\t\t\t<h2 class=\"elementor-heading-title elementor-size-default\">ALUMINIUMSCHWEI\u00dfEN F\u00dcR HALBFERTIG-UND FERTIGWAREN<\/h2>\t\t\t\t<\/div>\n\t\t\t\t<\/div>\n\t\t\t\t\t<\/div>\n\t\t<\/div>\n\t\t\t\t\t<\/div>\n\t\t<\/section>\n\t\t\t\t<section class=\"elementor-section elementor-top-section elementor-element elementor-element-618273a elementor-section-boxed elementor-section-height-default elementor-section-height-default\" data-id=\"618273a\" data-element_type=\"section\" data-e-type=\"section\" data-settings=\"{&quot;background_background&quot;:&quot;classic&quot;}\">\n\t\t\t\t\t\t<div class=\"elementor-container elementor-column-gap-default\">\n\t\t\t\t\t<div class=\"elementor-column elementor-col-100 elementor-top-column elementor-element elementor-element-0ee1607\" data-id=\"0ee1607\" data-element_type=\"column\" data-e-type=\"column\">\n\t\t\t<div class=\"elementor-widget-wrap elementor-element-populated\">\n\t\t\t\t\t\t<div class=\"elementor-element elementor-element-e80890c elementor-invisible elementor-widget elementor-widget-text-editor\" data-id=\"e80890c\" data-element_type=\"widget\" data-e-type=\"widget\" data-settings=\"{&quot;_animation&quot;:&quot;fadeIn&quot;}\" data-widget_type=\"text-editor.default\">\n\t\t\t\t<div class=\"elementor-widget-container\">\n\t\t\t\t\t\t\t\t\t<p style=\"text-align: left;\">Unsere <a href=\"https:\/\/pespaalumin.com\/services\/aluminum-welding-for-semi-and-end-products-used\/\">Schwei\u00dfeinheiten<\/a> und zertifizierten Schwei\u00dfer f\u00fchren Aluminiumschwei\u00dfungen f\u00fcr eine breite Palette von Aluminiumprodukten durch, die in den<br \/>Bereichen Zivil-, Industrie- und Hochbau, Architektur, M\u00f6bel, erneuerbare Energien, Automobil- und Maschinenindustrie verwendet werden, mit Oberfl\u00e4chen,<br \/>Formen, Winkeln und verschiedenen Gr\u00f6\u00dfen von Aluminiumlegierungsserien 4000, 5000, 6000 usw.<\/p><div>\u00a0<\/div><div><strong>Einige der Aluminiumprodukte mit geschwei\u00dfter \u201eTotal Quality\u201c, die zu den Standardprodukten des Unternehmens geh\u00f6ren, sind:<\/strong><br \/><br \/>Geschwei\u00dfte Dachbinder aus Aluminium als tragende Struktur f\u00fcr: Ger\u00fcste und\/oder Schalungen, Binder, bewegliche Leitern, modulare Strukturen f\u00fcr<br \/>vorgefertigte Geb\u00e4ude wie zivile Wohngeb\u00e4ude und industrielle, versenkbare Dachpergolen, bioklimatische Pergolen, Strandbars , Carport-<wbr \/>AluminiumSolarpaneelstrukturen usw.<\/div><div>\u00a0<\/div><div>Geschwei\u00dfte Aluminiumbalustraden mit vertikalen Paneelen und dekorativen Aluminiumpaneelen, hergestellt mit Laserschneidtechnologie.<\/div><div>\u00a0<\/div><div>Geschwei\u00dfte Aluminiumkonstruktionen im M\u00f6belbereich f\u00fcr Innen- und Au\u00dfenanwendungen f\u00fcr dekorative und architektonische Zwecke.<\/div>\t\t\t\t\t\t\t\t<\/div>\n\t\t\t\t<\/div>\n\t\t\t\t<div class=\"elementor-element elementor-element-6bb04c9 elementor-widget-divider--view-line elementor-widget elementor-widget-divider\" data-id=\"6bb04c9\" data-element_type=\"widget\" data-e-type=\"widget\" data-widget_type=\"divider.default\">\n\t\t\t\t<div class=\"elementor-widget-container\">\n\t\t\t\t\t\t\t<div class=\"elementor-divider\">\n\t\t\t<span class=\"elementor-divider-separator\">\n\t\t\t\t\t\t<\/span>\n\t\t<\/div>\n\t\t\t\t\t\t<\/div>\n\t\t\t\t<\/div>\n\t\t\t\t\t<\/div>\n\t\t<\/div>\n\t\t\t\t\t<\/div>\n\t\t<\/section>\n\t\t\t\t<section class=\"elementor-section elementor-top-section elementor-element elementor-element-9cf1c39 elementor-section-boxed elementor-section-height-default elementor-section-height-default\" data-id=\"9cf1c39\" data-element_type=\"section\" data-e-type=\"section\">\n\t\t\t\t\t\t<div class=\"elementor-container elementor-column-gap-default\">\n\t\t\t\t\t<div class=\"elementor-column elementor-col-100 elementor-top-column elementor-element elementor-element-74b5090\" data-id=\"74b5090\" data-element_type=\"column\" data-e-type=\"column\">\n\t\t\t<div class=\"elementor-widget-wrap elementor-element-populated\">\n\t\t\t\t\t\t<div class=\"elementor-element elementor-element-8953b0e elementor-widget elementor-widget-text-editor\" data-id=\"8953b0e\" data-element_type=\"widget\" data-e-type=\"widget\" data-widget_type=\"text-editor.default\">\n\t\t\t\t<div class=\"elementor-widget-container\">\n\t\t\t\t\t\t\t\t\t<h6>Neben unserer Vielfalt und Flexibilit\u00e4t bei der Anpassung unserer Produktion an die spezifischen Anforderungen unserer Kunden garantiert unser Unternehmen <strong>ZERTIFIZIERTES ALUMINIUMSCHWEISSEN<\/strong> durch europ\u00e4isch akkreditierte Stellen f\u00fcr das Schwei\u00dfen von Aluminiumprodukten bis hin zur strukturellen Verwendung gem\u00e4\u00df der zertifizierten Norm <strong>EN 1090-1 \/ EN 1090 -3<\/strong> Gew\u00e4hrleistung der Qualit\u00e4t w\u00e4hrend und nach jedem Prozess, f\u00fcr die Ausf\u00fchrungsklassen EXC1, EXC2, EXC3, EXC4. Der Prozess wird von zertifizierten Schwei\u00dfern einer akkreditierten und geschulten Stelle f\u00fcr Aluminiumschwei\u00dfen durchgef\u00fchrt, mit \u201eZulassungsbescheinigung des Schwei\u00dfers\u201c f\u00fcr jeden Mitarbeiter gem\u00e4\u00df der Norm <strong>UNI EN ISO 9606-2: 2006<\/strong> und gem\u00e4\u00df<strong> ISO 3834. 2: 2021<\/strong> Norm zum Schwei\u00dfen von Aluminiumstrukturen.<\/h6>\t\t\t\t\t\t\t\t<\/div>\n\t\t\t\t<\/div>\n\t\t\t\t<div class=\"elementor-element elementor-element-20a5de6 elementor-widget-divider--view-line elementor-widget elementor-widget-divider\" data-id=\"20a5de6\" data-element_type=\"widget\" data-e-type=\"widget\" data-widget_type=\"divider.default\">\n\t\t\t\t<div class=\"elementor-widget-container\">\n\t\t\t\t\t\t\t<div class=\"elementor-divider\">\n\t\t\t<span class=\"elementor-divider-separator\">\n\t\t\t\t\t\t<\/span>\n\t\t<\/div>\n\t\t\t\t\t\t<\/div>\n\t\t\t\t<\/div>\n\t\t\t\t\t<\/div>\n\t\t<\/div>\n\t\t\t\t\t<\/div>\n\t\t<\/section>\n\t\t\t\t<section class=\"elementor-section elementor-top-section elementor-element elementor-element-43b4b4f2 elementor-section-boxed elementor-section-height-default elementor-section-height-default\" data-id=\"43b4b4f2\" data-element_type=\"section\" data-e-type=\"section\">\n\t\t\t\t\t\t<div class=\"elementor-container elementor-column-gap-default\">\n\t\t\t\t\t<div class=\"elementor-column elementor-col-100 elementor-top-column elementor-element elementor-element-7c19bcf7\" data-id=\"7c19bcf7\" data-element_type=\"column\" data-e-type=\"column\">\n\t\t\t<div class=\"elementor-widget-wrap elementor-element-populated\">\n\t\t\t\t\t\t<div class=\"elementor-element elementor-element-58f9653f elementor-invisible elementor-widget elementor-widget-heading\" data-id=\"58f9653f\" data-element_type=\"widget\" data-e-type=\"widget\" data-settings=\"{&quot;_animation&quot;:&quot;fadeInDown&quot;}\" data-widget_type=\"heading.default\">\n\t\t\t\t<div class=\"elementor-widget-container\">\n\t\t\t\t\t<h2 class=\"elementor-heading-title elementor-size-default\">Senden Sie Ihr Projekt\n<\/h2>\t\t\t\t<\/div>\n\t\t\t\t<\/div>\n\t\t\t\t<div class=\"elementor-element elementor-element-7f9f825d elementor-invisible elementor-widget elementor-widget-text-editor\" data-id=\"7f9f825d\" data-element_type=\"widget\" data-e-type=\"widget\" data-settings=\"{&quot;_animation&quot;:&quot;fadeIn&quot;}\" data-widget_type=\"text-editor.default\">\n\t\t\t\t<div class=\"elementor-widget-container\">\n\t\t\t\t\t\t\t\t\t<p>\n<div class=\"wpcf7 no-js\" id=\"wpcf7-f3183-o1\" lang=\"en-US\" dir=\"ltr\" data-wpcf7-id=\"3183\">\n<div class=\"screen-reader-response\"><p role=\"status\" aria-live=\"polite\" aria-atomic=\"true\"><\/p> <ul><\/ul><\/div>\n<form action=\"\/de\/wp-json\/wp\/v2\/pages\/2834#wpcf7-f3183-o1\" method=\"post\" class=\"wpcf7-form init\" aria-label=\"Kontaktformular\" enctype=\"multipart\/form-data\" novalidate=\"novalidate\" data-status=\"init\">\n<fieldset class=\"hidden-fields-container\"><input type=\"hidden\" name=\"_wpcf7\" value=\"3183\" \/><input type=\"hidden\" name=\"_wpcf7_version\" value=\"6.1.5\" \/><input type=\"hidden\" name=\"_wpcf7_locale\" value=\"en_US\" \/><input type=\"hidden\" name=\"_wpcf7_unit_tag\" value=\"wpcf7-f3183-o1\" \/><input type=\"hidden\" name=\"_wpcf7_container_post\" value=\"0\" \/><input type=\"hidden\" name=\"_wpcf7_posted_data_hash\" value=\"\" \/>\n<\/fieldset>\n<div class=\"contact-wrapper\">\n\t<div class=\"two-col\">\n\t\t<div class=\"single-col\">\n\t\t\t<p><span class=\"wpcf7-form-control-wrap\" data-name=\"your-name\"><input size=\"40\" maxlength=\"400\" class=\"wpcf7-form-control wpcf7-text wpcf7-validates-as-required\" aria-required=\"true\" aria-invalid=\"false\" placeholder=\"Name\" value=\"\" type=\"text\" name=\"your-name\" \/><\/span>\n\t\t\t<\/p>\n\t\t<\/div>\n\t\t<div class=\"single-col\">\n\t\t\t<p><span class=\"wpcf7-form-control-wrap\" data-name=\"your-surname\"><input size=\"40\" maxlength=\"400\" class=\"wpcf7-form-control wpcf7-text wpcf7-validates-as-required\" aria-required=\"true\" aria-invalid=\"false\" placeholder=\"Nachname\" value=\"\" type=\"text\" name=\"your-surname\" \/><\/span>\n\t\t\t<\/p>\n\t\t<\/div>\n\t\t<div class=\"single-col\">\n\t\t\t<p><span class=\"wpcf7-form-control-wrap\" data-name=\"country\"><input size=\"40\" maxlength=\"400\" class=\"wpcf7-form-control wpcf7-text wpcf7-validates-as-required\" aria-required=\"true\" aria-invalid=\"false\" placeholder=\"Land\" value=\"\" type=\"text\" name=\"country\" \/><\/span>\n\t\t\t<\/p>\n\t\t<\/div>\n\t\t<div class=\"single-col\">\n\t\t\t<p><span class=\"wpcf7-form-control-wrap\" data-name=\"your-email\"><input size=\"40\" maxlength=\"400\" class=\"wpcf7-form-control wpcf7-email wpcf7-validates-as-required wpcf7-text wpcf7-validates-as-email\" aria-required=\"true\" aria-invalid=\"false\" placeholder=\"E-mail\" value=\"\" type=\"email\" name=\"your-email\" \/><\/span>\n\t\t\t<\/p>\n\t\t<\/div>\n\t\t<div class=\"single-col\">\n\t\t\t<p><span class=\"wpcf7-form-control-wrap\" data-name=\"phone-number\"><input size=\"40\" maxlength=\"400\" class=\"wpcf7-form-control wpcf7-tel wpcf7-validates-as-required wpcf7-text wpcf7-validates-as-tel\" aria-required=\"true\" aria-invalid=\"false\" placeholder=\"Telefon\" value=\"\" type=\"tel\" name=\"phone-number\" \/><\/span>\n\t\t\t<\/p>\n\t\t<\/div>\n\t\t<div class=\"single-col\">\n\t\t\t<p><span class=\"wpcf7-form-control-wrap\" data-name=\"company-name\"><input size=\"40\" maxlength=\"400\" class=\"wpcf7-form-control wpcf7-text wpcf7-validates-as-required\" aria-required=\"true\" aria-invalid=\"false\" placeholder=\"Firmenname\" value=\"\" type=\"text\" name=\"company-name\" \/><\/span>\n\t\t\t<\/p>\n\t\t<\/div>\n\t<\/div>\n\t<p><span class=\"wpcf7-form-control-wrap\" data-name=\"your-message\"><textarea cols=\"40\" rows=\"10\" maxlength=\"2000\" class=\"wpcf7-form-control wpcf7-textarea\" aria-invalid=\"false\" placeholder=\"Nachricht\" name=\"your-message\"><\/textarea><\/span>\n\t<\/p>\n\t<div class=\"submit-upload-c\">\n\t\t<div class=\"upload-c\">\n\t\t\t<p><span class=\"wpcf7-form-control-wrap\" data-name=\"upload\"><input size=\"40\" class=\"wpcf7-form-control wpcf7-file\" accept=\"audio\/*,video\/*,image\/*\" aria-invalid=\"false\" type=\"file\" name=\"upload\" \/><\/span>\n\t\t\t<\/p>\n\t\t<\/div>\n\t\t<div class=\"submit-c\">\n\t\t\t<p><input class=\"wpcf7-form-control wpcf7-submit has-spinner\" type=\"submit\" value=\"Schicken\" \/>\n\t\t\t<\/p>\n\t\t<\/div>\n\t<\/div>\n<\/div><div class=\"wpcf7-response-output\" aria-hidden=\"true\"><\/div>\n<\/form>\n<\/div>\n<\/p>\t\t\t\t\t\t\t\t<\/div>\n\t\t\t\t<\/div>\n\t\t\t\t\t<\/div>\n\t\t<\/div>\n\t\t\t\t\t<\/div>\n\t\t<\/section>\n\t\t\t\t<section class=\"elementor-section elementor-top-section elementor-element elementor-element-5d19758 elementor-section-boxed elementor-section-height-default elementor-section-height-default\" data-id=\"5d19758\" data-element_type=\"section\" data-e-type=\"section\">\n\t\t\t\t\t\t<div class=\"elementor-container elementor-column-gap-default\">\n\t\t\t\t\t<div class=\"elementor-column elementor-col-100 elementor-top-column elementor-element elementor-element-ec36d69\" data-id=\"ec36d69\" data-element_type=\"column\" data-e-type=\"column\">\n\t\t\t<div class=\"elementor-widget-wrap elementor-element-populated\">\n\t\t\t\t\t\t\t<\/div>\n\t\t<\/div>\n\t\t\t\t\t<\/div>\n\t\t<\/section>\n\t\t\t\t<\/div>\n\t\t","protected":false},"excerpt":{"rendered":"<p>ALUMINIUMSCHWEI\u00dfEN F\u00dcR HALBFERTIG-UND FERTIGWAREN Unsere Schwei\u00dfeinheiten und zertifizierten Schwei\u00dfer f\u00fchren Aluminiumschwei\u00dfungen f\u00fcr eine breite Palette von Aluminiumprodukten durch, die in denBereichen Zivil-, Industrie- und Hochbau, Architektur, M\u00f6bel, erneuerbare Energien, Automobil- und Maschinenindustrie verwendet werden, mit Oberfl\u00e4chen,Formen, Winkeln und verschiedenen Gr\u00f6\u00dfen von Aluminiumlegierungsserien 4000, 5000, 6000 usw. \u00a0Einige der Aluminiumprodukte mit geschwei\u00dfter \u201eTotal Quality\u201c, die zu [&hellip;]<\/p>\n","protected":false},"author":10,"featured_media":0,"parent":2833,"menu_order":0,"comment_status":"closed","ping_status":"closed","template":"template-page-builder.php","meta":{"_vp_format_video_url":"","_vp_image_focal_point":[],"footnotes":""},"class_list":["post-2834","page","type-page","status-publish","hentry"],"yoast_head":"<!-- This site is optimized with the Yoast SEO plugin v27.3 - https:\/\/yoast.com\/product\/yoast-seo-wordpress\/ -->\n<title>ALUMINIUMSCHWEI\u00dfEN F\u00dcR HALBFERTIG-UND FERTIGWAREN - Pespa Alumin<\/title>\n<meta name=\"robots\" content=\"index, follow, max-snippet:-1, max-image-preview:large, max-video-preview:-1\" \/>\n<link rel=\"canonical\" href=\"https:\/\/pespaalumin.com\/de\/dienstleistungen\/aluminiumschweissen-fuer-halbfertig-und-fertigwaren\/\" \/>\n<meta property=\"og:locale\" content=\"de_DE\" \/>\n<meta property=\"og:type\" content=\"article\" \/>\n<meta property=\"og:title\" content=\"ALUMINIUMSCHWEI\u00dfEN F\u00dcR HALBFERTIG-UND FERTIGWAREN - Pespa Alumin\" \/>\n<meta property=\"og:description\" content=\"ALUMINIUMSCHWEI\u00dfEN F\u00dcR HALBFERTIG-UND FERTIGWAREN Unsere Schwei\u00dfeinheiten und zertifizierten Schwei\u00dfer f\u00fchren Aluminiumschwei\u00dfungen f\u00fcr eine breite Palette von Aluminiumprodukten durch, die in denBereichen Zivil-, Industrie- und Hochbau, Architektur, M\u00f6bel, erneuerbare Energien, Automobil- und Maschinenindustrie verwendet werden, mit Oberfl\u00e4chen,Formen, Winkeln und verschiedenen Gr\u00f6\u00dfen von Aluminiumlegierungsserien 4000, 5000, 6000 usw. \u00a0Einige der Aluminiumprodukte mit geschwei\u00dfter \u201eTotal Quality\u201c, die zu [&hellip;]\" \/>\n<meta property=\"og:url\" content=\"https:\/\/pespaalumin.com\/de\/dienstleistungen\/aluminiumschweissen-fuer-halbfertig-und-fertigwaren\/\" \/>\n<meta property=\"og:site_name\" content=\"Pespa Alumin\" \/>\n<meta property=\"article:publisher\" content=\"https:\/\/www.facebook.com\/pespagroup.albania\" \/>\n<meta property=\"article:modified_time\" content=\"2023-09-28T22:32:05+00:00\" \/>\n<meta name=\"twitter:card\" content=\"summary_large_image\" \/>\n<meta name=\"twitter:label1\" content=\"Gesch\u00e4tzte Lesezeit\" \/>\n\t<meta name=\"twitter:data1\" content=\"1 minute\" \/>\n<script type=\"application\/ld+json\" class=\"yoast-schema-graph\">{\"@context\":\"https:\\\/\\\/schema.org\",\"@graph\":[{\"@type\":\"WebPage\",\"@id\":\"https:\\\/\\\/pespaalumin.com\\\/de\\\/dienstleistungen\\\/aluminiumschweissen-fuer-halbfertig-und-fertigwaren\\\/\",\"url\":\"https:\\\/\\\/pespaalumin.com\\\/de\\\/dienstleistungen\\\/aluminiumschweissen-fuer-halbfertig-und-fertigwaren\\\/\",\"name\":\"ALUMINIUMSCHWEI\u00dfEN F\u00dcR HALBFERTIG-UND FERTIGWAREN - Pespa Alumin\",\"isPartOf\":{\"@id\":\"https:\\\/\\\/pespaalumin.com\\\/#website\"},\"datePublished\":\"2022-02-21T12:45:22+00:00\",\"dateModified\":\"2023-09-28T22:32:05+00:00\",\"breadcrumb\":{\"@id\":\"https:\\\/\\\/pespaalumin.com\\\/de\\\/dienstleistungen\\\/aluminiumschweissen-fuer-halbfertig-und-fertigwaren\\\/#breadcrumb\"},\"inLanguage\":\"de-DE\",\"potentialAction\":[{\"@type\":\"ReadAction\",\"target\":[\"https:\\\/\\\/pespaalumin.com\\\/de\\\/dienstleistungen\\\/aluminiumschweissen-fuer-halbfertig-und-fertigwaren\\\/\"]}]},{\"@type\":\"BreadcrumbList\",\"@id\":\"https:\\\/\\\/pespaalumin.com\\\/de\\\/dienstleistungen\\\/aluminiumschweissen-fuer-halbfertig-und-fertigwaren\\\/#breadcrumb\",\"itemListElement\":[{\"@type\":\"ListItem\",\"position\":1,\"name\":\"Home\",\"item\":\"https:\\\/\\\/pespaalumin.com\\\/\"},{\"@type\":\"ListItem\",\"position\":2,\"name\":\"DIENSTLEISTUNGEN\",\"item\":\"https:\\\/\\\/pespaalumin.com\\\/de\\\/dienstleistungen\\\/\"},{\"@type\":\"ListItem\",\"position\":3,\"name\":\"ALUMINIUMSCHWEI\u00dfEN F\u00dcR HALBFERTIG-UND FERTIGWAREN\"}]},{\"@type\":\"WebSite\",\"@id\":\"https:\\\/\\\/pespaalumin.com\\\/#website\",\"url\":\"https:\\\/\\\/pespaalumin.com\\\/\",\"name\":\"Pespa Alumin\",\"description\":\"\",\"publisher\":{\"@id\":\"https:\\\/\\\/pespaalumin.com\\\/#organization\"},\"potentialAction\":[{\"@type\":\"SearchAction\",\"target\":{\"@type\":\"EntryPoint\",\"urlTemplate\":\"https:\\\/\\\/pespaalumin.com\\\/?s={search_term_string}\"},\"query-input\":{\"@type\":\"PropertyValueSpecification\",\"valueRequired\":true,\"valueName\":\"search_term_string\"}}],\"inLanguage\":\"de-DE\"},{\"@type\":\"Organization\",\"@id\":\"https:\\\/\\\/pespaalumin.com\\\/#organization\",\"name\":\"Pespa Alumin\",\"url\":\"https:\\\/\\\/pespaalumin.com\\\/\",\"logo\":{\"@type\":\"ImageObject\",\"inLanguage\":\"de-DE\",\"@id\":\"https:\\\/\\\/pespaalumin.com\\\/#\\\/schema\\\/logo\\\/image\\\/\",\"url\":\"https:\\\/\\\/pespaalumin.com\\\/wp-content\\\/uploads\\\/2022\\\/02\\\/Pespa-logo-8.png\",\"contentUrl\":\"https:\\\/\\\/pespaalumin.com\\\/wp-content\\\/uploads\\\/2022\\\/02\\\/Pespa-logo-8.png\",\"width\":187,\"height\":33,\"caption\":\"Pespa Alumin\"},\"image\":{\"@id\":\"https:\\\/\\\/pespaalumin.com\\\/#\\\/schema\\\/logo\\\/image\\\/\"},\"sameAs\":[\"https:\\\/\\\/www.facebook.com\\\/pespagroup.albania\",\"https:\\\/\\\/www.youtube.com\\\/@PESPAGROUP\"]}]}<\/script>\n<!-- \/ Yoast SEO plugin. -->","yoast_head_json":{"title":"ALUMINIUMSCHWEI\u00dfEN F\u00dcR HALBFERTIG-UND FERTIGWAREN - Pespa Alumin","robots":{"index":"index","follow":"follow","max-snippet":"max-snippet:-1","max-image-preview":"max-image-preview:large","max-video-preview":"max-video-preview:-1"},"canonical":"https:\/\/pespaalumin.com\/de\/dienstleistungen\/aluminiumschweissen-fuer-halbfertig-und-fertigwaren\/","og_locale":"de_DE","og_type":"article","og_title":"ALUMINIUMSCHWEI\u00dfEN F\u00dcR HALBFERTIG-UND FERTIGWAREN - Pespa Alumin","og_description":"ALUMINIUMSCHWEI\u00dfEN F\u00dcR HALBFERTIG-UND FERTIGWAREN Unsere Schwei\u00dfeinheiten und zertifizierten Schwei\u00dfer f\u00fchren Aluminiumschwei\u00dfungen f\u00fcr eine breite Palette von Aluminiumprodukten durch, die in denBereichen Zivil-, Industrie- und Hochbau, Architektur, M\u00f6bel, erneuerbare Energien, Automobil- und Maschinenindustrie verwendet werden, mit Oberfl\u00e4chen,Formen, Winkeln und verschiedenen Gr\u00f6\u00dfen von Aluminiumlegierungsserien 4000, 5000, 6000 usw. \u00a0Einige der Aluminiumprodukte mit geschwei\u00dfter \u201eTotal Quality\u201c, die zu [&hellip;]","og_url":"https:\/\/pespaalumin.com\/de\/dienstleistungen\/aluminiumschweissen-fuer-halbfertig-und-fertigwaren\/","og_site_name":"Pespa Alumin","article_publisher":"https:\/\/www.facebook.com\/pespagroup.albania","article_modified_time":"2023-09-28T22:32:05+00:00","twitter_card":"summary_large_image","twitter_misc":{"Gesch\u00e4tzte Lesezeit":"1 minute"},"schema":{"@context":"https:\/\/schema.org","@graph":[{"@type":"WebPage","@id":"https:\/\/pespaalumin.com\/de\/dienstleistungen\/aluminiumschweissen-fuer-halbfertig-und-fertigwaren\/","url":"https:\/\/pespaalumin.com\/de\/dienstleistungen\/aluminiumschweissen-fuer-halbfertig-und-fertigwaren\/","name":"ALUMINIUMSCHWEI\u00dfEN F\u00dcR HALBFERTIG-UND FERTIGWAREN - Pespa Alumin","isPartOf":{"@id":"https:\/\/pespaalumin.com\/#website"},"datePublished":"2022-02-21T12:45:22+00:00","dateModified":"2023-09-28T22:32:05+00:00","breadcrumb":{"@id":"https:\/\/pespaalumin.com\/de\/dienstleistungen\/aluminiumschweissen-fuer-halbfertig-und-fertigwaren\/#breadcrumb"},"inLanguage":"de-DE","potentialAction":[{"@type":"ReadAction","target":["https:\/\/pespaalumin.com\/de\/dienstleistungen\/aluminiumschweissen-fuer-halbfertig-und-fertigwaren\/"]}]},{"@type":"BreadcrumbList","@id":"https:\/\/pespaalumin.com\/de\/dienstleistungen\/aluminiumschweissen-fuer-halbfertig-und-fertigwaren\/#breadcrumb","itemListElement":[{"@type":"ListItem","position":1,"name":"Home","item":"https:\/\/pespaalumin.com\/"},{"@type":"ListItem","position":2,"name":"DIENSTLEISTUNGEN","item":"https:\/\/pespaalumin.com\/de\/dienstleistungen\/"},{"@type":"ListItem","position":3,"name":"ALUMINIUMSCHWEI\u00dfEN F\u00dcR HALBFERTIG-UND FERTIGWAREN"}]},{"@type":"WebSite","@id":"https:\/\/pespaalumin.com\/#website","url":"https:\/\/pespaalumin.com\/","name":"Pespa Alumin","description":"","publisher":{"@id":"https:\/\/pespaalumin.com\/#organization"},"potentialAction":[{"@type":"SearchAction","target":{"@type":"EntryPoint","urlTemplate":"https:\/\/pespaalumin.com\/?s={search_term_string}"},"query-input":{"@type":"PropertyValueSpecification","valueRequired":true,"valueName":"search_term_string"}}],"inLanguage":"de-DE"},{"@type":"Organization","@id":"https:\/\/pespaalumin.com\/#organization","name":"Pespa Alumin","url":"https:\/\/pespaalumin.com\/","logo":{"@type":"ImageObject","inLanguage":"de-DE","@id":"https:\/\/pespaalumin.com\/#\/schema\/logo\/image\/","url":"https:\/\/pespaalumin.com\/wp-content\/uploads\/2022\/02\/Pespa-logo-8.png","contentUrl":"https:\/\/pespaalumin.com\/wp-content\/uploads\/2022\/02\/Pespa-logo-8.png","width":187,"height":33,"caption":"Pespa Alumin"},"image":{"@id":"https:\/\/pespaalumin.com\/#\/schema\/logo\/image\/"},"sameAs":["https:\/\/www.facebook.com\/pespagroup.albania","https:\/\/www.youtube.com\/@PESPAGROUP"]}]}},"_links":{"self":[{"href":"https:\/\/pespaalumin.com\/de\/wp-json\/wp\/v2\/pages\/2834","targetHints":{"allow":["GET"]}}],"collection":[{"href":"https:\/\/pespaalumin.com\/de\/wp-json\/wp\/v2\/pages"}],"about":[{"href":"https:\/\/pespaalumin.com\/de\/wp-json\/wp\/v2\/types\/page"}],"author":[{"embeddable":true,"href":"https:\/\/pespaalumin.com\/de\/wp-json\/wp\/v2\/users\/10"}],"replies":[{"embeddable":true,"href":"https:\/\/pespaalumin.com\/de\/wp-json\/wp\/v2\/comments?post=2834"}],"version-history":[{"count":0,"href":"https:\/\/pespaalumin.com\/de\/wp-json\/wp\/v2\/pages\/2834\/revisions"}],"up":[{"embeddable":true,"href":"https:\/\/pespaalumin.com\/de\/wp-json\/wp\/v2\/pages\/2833"}],"wp:attachment":[{"href":"https:\/\/pespaalumin.com\/de\/wp-json\/wp\/v2\/media?parent=2834"}],"curies":[{"name":"wp","href":"https:\/\/api.w.org\/{rel}","templated":true}]}}