{"id":2815,"date":"2022-03-01T04:20:37","date_gmt":"2022-03-01T04:20:37","guid":{"rendered":"https:\/\/pespaalumin.com\/professional-technical-solutions-according-to-a-customized-project\/"},"modified":"2023-09-28T22:40:40","modified_gmt":"2023-09-28T22:40:40","slug":"technische-loesungen-nach-personalizierten-projekten","status":"publish","type":"page","link":"https:\/\/pespaalumin.com\/de\/dienstleistungen\/technische-loesungen-nach-personalizierten-projekten\/","title":{"rendered":"TECHNISCHE L\u00d6SUNGEN NACH PERSONALIZIERTEN PROJEKTEN"},"content":{"rendered":"\t\t<div data-elementor-type=\"wp-page\" data-elementor-id=\"2815\" class=\"elementor elementor-2815 elementor-1151\" data-elementor-post-type=\"page\">\n\t\t\t\t\t\t<section class=\"elementor-section elementor-top-section elementor-element elementor-element-50cb5fc elementor-section-height-min-height hero-home elementor-section-boxed elementor-section-height-default elementor-section-items-middle\" data-id=\"50cb5fc\" data-element_type=\"section\" data-e-type=\"section\" data-settings=\"{&quot;background_background&quot;:&quot;classic&quot;}\">\n\t\t\t\t\t\t\t<div class=\"elementor-background-overlay\"><\/div>\n\t\t\t\t\t\t\t<div class=\"elementor-container elementor-column-gap-default\">\n\t\t\t\t\t<div class=\"elementor-column elementor-col-100 elementor-top-column elementor-element elementor-element-eebecf5\" data-id=\"eebecf5\" data-element_type=\"column\" data-e-type=\"column\">\n\t\t\t<div class=\"elementor-widget-wrap elementor-element-populated\">\n\t\t\t\t\t\t<div class=\"elementor-element elementor-element-e9fbfee hero-title-style elementor-invisible elementor-widget elementor-widget-heading\" data-id=\"e9fbfee\" data-element_type=\"widget\" data-e-type=\"widget\" data-settings=\"{&quot;_animation&quot;:&quot;pulse&quot;}\" data-widget_type=\"heading.default\">\n\t\t\t\t<div class=\"elementor-widget-container\">\n\t\t\t\t\t<h2 class=\"elementor-heading-title elementor-size-default\">TECHNISCHE L\u00d6SUNGEN NACH PERSONALIZIERTEN PROJEKTEN<\/h2>\t\t\t\t<\/div>\n\t\t\t\t<\/div>\n\t\t\t\t\t<\/div>\n\t\t<\/div>\n\t\t\t\t\t<\/div>\n\t\t<\/section>\n\t\t\t\t<section class=\"elementor-section elementor-top-section elementor-element elementor-element-618273a elementor-section-boxed elementor-section-height-default elementor-section-height-default\" data-id=\"618273a\" data-element_type=\"section\" data-e-type=\"section\" data-settings=\"{&quot;background_background&quot;:&quot;classic&quot;}\">\n\t\t\t\t\t\t<div class=\"elementor-container elementor-column-gap-default\">\n\t\t\t\t\t<div class=\"elementor-column elementor-col-100 elementor-top-column elementor-element elementor-element-0ee1607\" data-id=\"0ee1607\" data-element_type=\"column\" data-e-type=\"column\">\n\t\t\t<div class=\"elementor-widget-wrap elementor-element-populated\">\n\t\t\t\t\t\t<div class=\"elementor-element elementor-element-e80890c elementor-invisible elementor-widget elementor-widget-text-editor\" data-id=\"e80890c\" data-element_type=\"widget\" data-e-type=\"widget\" data-settings=\"{&quot;_animation&quot;:&quot;fadeIn&quot;}\" data-widget_type=\"text-editor.default\">\n\t\t\t\t<div class=\"elementor-widget-container\">\n\t\t\t\t\t\t\t\t\t<p><strong>Professionelle technische<\/strong> L\u00f6sungen nach dem Projekt oder den Entw\u00fcrfen des Kunden und schnelle Realisierung des Prototyps f\u00fcr Halbfertig- oder Fertigprodukte aus Aluminium, einschlie\u00dflich der abgeschlossenen Prozesse in anderen Abteilungen (Schwei\u00dfen, Montage, Eloxieren, F\u00e4rben) innerhalb desselben Unternehmens.<br \/><br \/><\/p>\t\t\t\t\t\t\t\t<\/div>\n\t\t\t\t<\/div>\n\t\t\t\t<div class=\"elementor-element elementor-element-21d733d elementor-invisible elementor-widget elementor-widget-text-editor\" data-id=\"21d733d\" data-element_type=\"widget\" data-e-type=\"widget\" data-settings=\"{&quot;_animation&quot;:&quot;fadeIn&quot;}\" data-widget_type=\"text-editor.default\">\n\t\t\t\t<div class=\"elementor-widget-container\">\n\t\t\t\t\t\t\t\t\t<p><strong>Personalisierte gebrauchsfertige und halbfertige Aluminiumprodukte nach dem eigenen Design des Kunden<\/strong><\/p>\t\t\t\t\t\t\t\t<\/div>\n\t\t\t\t<\/div>\n\t\t\t\t<div class=\"elementor-element elementor-element-6bb04c9 elementor-widget-divider--view-line elementor-widget elementor-widget-divider\" data-id=\"6bb04c9\" data-element_type=\"widget\" data-e-type=\"widget\" data-widget_type=\"divider.default\">\n\t\t\t\t<div class=\"elementor-widget-container\">\n\t\t\t\t\t\t\t<div class=\"elementor-divider\">\n\t\t\t<span class=\"elementor-divider-separator\">\n\t\t\t\t\t\t<\/span>\n\t\t<\/div>\n\t\t\t\t\t\t<\/div>\n\t\t\t\t<\/div>\n\t\t\t\t\t<\/div>\n\t\t<\/div>\n\t\t\t\t\t<\/div>\n\t\t<\/section>\n\t\t\t\t<section class=\"elementor-section elementor-top-section elementor-element elementor-element-43b4b4f2 elementor-section-boxed elementor-section-height-default elementor-section-height-default\" data-id=\"43b4b4f2\" data-element_type=\"section\" data-e-type=\"section\">\n\t\t\t\t\t\t<div class=\"elementor-container elementor-column-gap-default\">\n\t\t\t\t\t<div class=\"elementor-column elementor-col-100 elementor-top-column elementor-element elementor-element-7c19bcf7\" data-id=\"7c19bcf7\" data-element_type=\"column\" data-e-type=\"column\">\n\t\t\t<div class=\"elementor-widget-wrap elementor-element-populated\">\n\t\t\t\t\t\t<div class=\"elementor-element elementor-element-58f9653f elementor-invisible elementor-widget elementor-widget-heading\" data-id=\"58f9653f\" data-element_type=\"widget\" data-e-type=\"widget\" data-settings=\"{&quot;_animation&quot;:&quot;fadeInDown&quot;}\" data-widget_type=\"heading.default\">\n\t\t\t\t<div class=\"elementor-widget-container\">\n\t\t\t\t\t<h2 class=\"elementor-heading-title elementor-size-default\">Senden Sie Ihr Projekt\n<\/h2>\t\t\t\t<\/div>\n\t\t\t\t<\/div>\n\t\t\t\t<div class=\"elementor-element elementor-element-7f9f825d elementor-invisible elementor-widget elementor-widget-text-editor\" data-id=\"7f9f825d\" data-element_type=\"widget\" data-e-type=\"widget\" data-settings=\"{&quot;_animation&quot;:&quot;fadeIn&quot;}\" data-widget_type=\"text-editor.default\">\n\t\t\t\t<div class=\"elementor-widget-container\">\n\t\t\t\t\t\t\t\t\t<p>\n<div class=\"wpcf7 no-js\" id=\"wpcf7-f3183-o1\" lang=\"en-US\" dir=\"ltr\" data-wpcf7-id=\"3183\">\n<div class=\"screen-reader-response\"><p role=\"status\" aria-live=\"polite\" aria-atomic=\"true\"><\/p> <ul><\/ul><\/div>\n<form action=\"\/de\/wp-json\/wp\/v2\/pages\/2815#wpcf7-f3183-o1\" method=\"post\" class=\"wpcf7-form init\" aria-label=\"Kontaktformular\" enctype=\"multipart\/form-data\" novalidate=\"novalidate\" data-status=\"init\">\n<fieldset class=\"hidden-fields-container\"><input type=\"hidden\" name=\"_wpcf7\" value=\"3183\" \/><input type=\"hidden\" name=\"_wpcf7_version\" value=\"6.1.5\" \/><input type=\"hidden\" name=\"_wpcf7_locale\" value=\"en_US\" \/><input type=\"hidden\" name=\"_wpcf7_unit_tag\" value=\"wpcf7-f3183-o1\" \/><input type=\"hidden\" name=\"_wpcf7_container_post\" value=\"0\" \/><input type=\"hidden\" name=\"_wpcf7_posted_data_hash\" value=\"\" \/>\n<\/fieldset>\n<div class=\"contact-wrapper\">\n\t<div class=\"two-col\">\n\t\t<div class=\"single-col\">\n\t\t\t<p><span class=\"wpcf7-form-control-wrap\" data-name=\"your-name\"><input size=\"40\" maxlength=\"400\" class=\"wpcf7-form-control wpcf7-text wpcf7-validates-as-required\" aria-required=\"true\" aria-invalid=\"false\" placeholder=\"Name\" value=\"\" type=\"text\" name=\"your-name\" \/><\/span>\n\t\t\t<\/p>\n\t\t<\/div>\n\t\t<div class=\"single-col\">\n\t\t\t<p><span class=\"wpcf7-form-control-wrap\" data-name=\"your-surname\"><input size=\"40\" maxlength=\"400\" class=\"wpcf7-form-control wpcf7-text wpcf7-validates-as-required\" aria-required=\"true\" aria-invalid=\"false\" placeholder=\"Nachname\" value=\"\" type=\"text\" name=\"your-surname\" \/><\/span>\n\t\t\t<\/p>\n\t\t<\/div>\n\t\t<div class=\"single-col\">\n\t\t\t<p><span class=\"wpcf7-form-control-wrap\" data-name=\"country\"><input size=\"40\" maxlength=\"400\" class=\"wpcf7-form-control wpcf7-text wpcf7-validates-as-required\" aria-required=\"true\" aria-invalid=\"false\" placeholder=\"Land\" value=\"\" type=\"text\" name=\"country\" \/><\/span>\n\t\t\t<\/p>\n\t\t<\/div>\n\t\t<div class=\"single-col\">\n\t\t\t<p><span class=\"wpcf7-form-control-wrap\" data-name=\"your-email\"><input size=\"40\" maxlength=\"400\" class=\"wpcf7-form-control wpcf7-email wpcf7-validates-as-required wpcf7-text wpcf7-validates-as-email\" aria-required=\"true\" aria-invalid=\"false\" placeholder=\"E-mail\" value=\"\" type=\"email\" name=\"your-email\" \/><\/span>\n\t\t\t<\/p>\n\t\t<\/div>\n\t\t<div class=\"single-col\">\n\t\t\t<p><span class=\"wpcf7-form-control-wrap\" data-name=\"phone-number\"><input size=\"40\" maxlength=\"400\" class=\"wpcf7-form-control wpcf7-tel wpcf7-validates-as-required wpcf7-text wpcf7-validates-as-tel\" aria-required=\"true\" aria-invalid=\"false\" placeholder=\"Telefon\" value=\"\" type=\"tel\" name=\"phone-number\" \/><\/span>\n\t\t\t<\/p>\n\t\t<\/div>\n\t\t<div class=\"single-col\">\n\t\t\t<p><span class=\"wpcf7-form-control-wrap\" data-name=\"company-name\"><input size=\"40\" maxlength=\"400\" class=\"wpcf7-form-control wpcf7-text wpcf7-validates-as-required\" aria-required=\"true\" aria-invalid=\"false\" placeholder=\"Firmenname\" value=\"\" type=\"text\" name=\"company-name\" \/><\/span>\n\t\t\t<\/p>\n\t\t<\/div>\n\t<\/div>\n\t<p><span class=\"wpcf7-form-control-wrap\" data-name=\"your-message\"><textarea cols=\"40\" rows=\"10\" maxlength=\"2000\" class=\"wpcf7-form-control wpcf7-textarea\" aria-invalid=\"false\" placeholder=\"Nachricht\" name=\"your-message\"><\/textarea><\/span>\n\t<\/p>\n\t<div class=\"submit-upload-c\">\n\t\t<div class=\"upload-c\">\n\t\t\t<p><span class=\"wpcf7-form-control-wrap\" data-name=\"upload\"><input size=\"40\" class=\"wpcf7-form-control wpcf7-file\" accept=\"audio\/*,video\/*,image\/*\" aria-invalid=\"false\" type=\"file\" name=\"upload\" \/><\/span>\n\t\t\t<\/p>\n\t\t<\/div>\n\t\t<div class=\"submit-c\">\n\t\t\t<p><input class=\"wpcf7-form-control wpcf7-submit has-spinner\" type=\"submit\" value=\"Schicken\" \/>\n\t\t\t<\/p>\n\t\t<\/div>\n\t<\/div>\n<\/div><div class=\"wpcf7-response-output\" aria-hidden=\"true\"><\/div>\n<\/form>\n<\/div>\n<\/p>\t\t\t\t\t\t\t\t<\/div>\n\t\t\t\t<\/div>\n\t\t\t\t\t<\/div>\n\t\t<\/div>\n\t\t\t\t\t<\/div>\n\t\t<\/section>\n\t\t\t\t<\/div>\n\t\t","protected":false},"excerpt":{"rendered":"<p>TECHNISCHE L\u00d6SUNGEN NACH PERSONALIZIERTEN PROJEKTEN Professionelle technische L\u00f6sungen nach dem Projekt oder den Entw\u00fcrfen des Kunden und schnelle Realisierung des Prototyps f\u00fcr Halbfertig- oder Fertigprodukte aus Aluminium, einschlie\u00dflich der abgeschlossenen Prozesse in anderen Abteilungen (Schwei\u00dfen, Montage, Eloxieren, F\u00e4rben) innerhalb desselben Unternehmens. Personalisierte gebrauchsfertige und halbfertige Aluminiumprodukte nach dem eigenen Design des Kunden Senden Sie Ihr [&hellip;]<\/p>\n","protected":false},"author":10,"featured_media":0,"parent":2833,"menu_order":0,"comment_status":"closed","ping_status":"closed","template":"template-page-builder.php","meta":{"_vp_format_video_url":"","_vp_image_focal_point":[],"footnotes":""},"class_list":["post-2815","page","type-page","status-publish","hentry"],"yoast_head":"<!-- This site is optimized with the Yoast SEO plugin v27.2 - https:\/\/yoast.com\/product\/yoast-seo-wordpress\/ -->\n<title>TECHNISCHE L\u00d6SUNGEN NACH PERSONALIZIERTEN PROJEKTEN - Pespa Alumin<\/title>\n<meta name=\"robots\" content=\"index, follow, max-snippet:-1, max-image-preview:large, max-video-preview:-1\" \/>\n<link rel=\"canonical\" href=\"https:\/\/pespaalumin.com\/de\/dienstleistungen\/technische-loesungen-nach-personalizierten-projekten\/\" \/>\n<meta property=\"og:locale\" content=\"de_DE\" \/>\n<meta property=\"og:type\" content=\"article\" \/>\n<meta property=\"og:title\" content=\"TECHNISCHE L\u00d6SUNGEN NACH PERSONALIZIERTEN PROJEKTEN - Pespa Alumin\" \/>\n<meta property=\"og:description\" content=\"TECHNISCHE L\u00d6SUNGEN NACH PERSONALIZIERTEN PROJEKTEN Professionelle technische L\u00f6sungen nach dem Projekt oder den Entw\u00fcrfen des Kunden und schnelle Realisierung des Prototyps f\u00fcr Halbfertig- oder Fertigprodukte aus Aluminium, einschlie\u00dflich der abgeschlossenen Prozesse in anderen Abteilungen (Schwei\u00dfen, Montage, Eloxieren, F\u00e4rben) innerhalb desselben Unternehmens. Personalisierte gebrauchsfertige und halbfertige Aluminiumprodukte nach dem eigenen Design des Kunden Senden Sie Ihr [&hellip;]\" \/>\n<meta property=\"og:url\" content=\"https:\/\/pespaalumin.com\/de\/dienstleistungen\/technische-loesungen-nach-personalizierten-projekten\/\" \/>\n<meta property=\"og:site_name\" content=\"Pespa Alumin\" \/>\n<meta property=\"article:publisher\" content=\"https:\/\/www.facebook.com\/pespagroup.albania\" \/>\n<meta property=\"article:modified_time\" content=\"2023-09-28T22:40:40+00:00\" \/>\n<meta name=\"twitter:card\" content=\"summary_large_image\" \/>\n<script type=\"application\/ld+json\" class=\"yoast-schema-graph\">{\"@context\":\"https:\/\/schema.org\",\"@graph\":[{\"@type\":\"WebPage\",\"@id\":\"https:\/\/pespaalumin.com\/de\/dienstleistungen\/technische-loesungen-nach-personalizierten-projekten\/\",\"url\":\"https:\/\/pespaalumin.com\/de\/dienstleistungen\/technische-loesungen-nach-personalizierten-projekten\/\",\"name\":\"TECHNISCHE L\u00d6SUNGEN NACH PERSONALIZIERTEN PROJEKTEN - Pespa Alumin\",\"isPartOf\":{\"@id\":\"https:\/\/pespaalumin.com\/#website\"},\"datePublished\":\"2022-03-01T04:20:37+00:00\",\"dateModified\":\"2023-09-28T22:40:40+00:00\",\"breadcrumb\":{\"@id\":\"https:\/\/pespaalumin.com\/de\/dienstleistungen\/technische-loesungen-nach-personalizierten-projekten\/#breadcrumb\"},\"inLanguage\":\"de-DE\",\"potentialAction\":[{\"@type\":\"ReadAction\",\"target\":[\"https:\/\/pespaalumin.com\/de\/dienstleistungen\/technische-loesungen-nach-personalizierten-projekten\/\"]}]},{\"@type\":\"BreadcrumbList\",\"@id\":\"https:\/\/pespaalumin.com\/de\/dienstleistungen\/technische-loesungen-nach-personalizierten-projekten\/#breadcrumb\",\"itemListElement\":[{\"@type\":\"ListItem\",\"position\":1,\"name\":\"Home\",\"item\":\"https:\/\/pespaalumin.com\/\"},{\"@type\":\"ListItem\",\"position\":2,\"name\":\"DIENSTLEISTUNGEN\",\"item\":\"https:\/\/pespaalumin.com\/de\/dienstleistungen\/\"},{\"@type\":\"ListItem\",\"position\":3,\"name\":\"TECHNISCHE L\u00d6SUNGEN NACH PERSONALIZIERTEN PROJEKTEN\"}]},{\"@type\":\"WebSite\",\"@id\":\"https:\/\/pespaalumin.com\/#website\",\"url\":\"https:\/\/pespaalumin.com\/\",\"name\":\"Pespa Alumin\",\"description\":\"\",\"publisher\":{\"@id\":\"https:\/\/pespaalumin.com\/#organization\"},\"potentialAction\":[{\"@type\":\"SearchAction\",\"target\":{\"@type\":\"EntryPoint\",\"urlTemplate\":\"https:\/\/pespaalumin.com\/?s={search_term_string}\"},\"query-input\":{\"@type\":\"PropertyValueSpecification\",\"valueRequired\":true,\"valueName\":\"search_term_string\"}}],\"inLanguage\":\"de-DE\"},{\"@type\":\"Organization\",\"@id\":\"https:\/\/pespaalumin.com\/#organization\",\"name\":\"Pespa Alumin\",\"url\":\"https:\/\/pespaalumin.com\/\",\"logo\":{\"@type\":\"ImageObject\",\"inLanguage\":\"de-DE\",\"@id\":\"https:\/\/pespaalumin.com\/#\/schema\/logo\/image\/\",\"url\":\"https:\/\/pespaalumin.com\/wp-content\/uploads\/2022\/02\/Pespa-logo-8.png\",\"contentUrl\":\"https:\/\/pespaalumin.com\/wp-content\/uploads\/2022\/02\/Pespa-logo-8.png\",\"width\":187,\"height\":33,\"caption\":\"Pespa Alumin\"},\"image\":{\"@id\":\"https:\/\/pespaalumin.com\/#\/schema\/logo\/image\/\"},\"sameAs\":[\"https:\/\/www.facebook.com\/pespagroup.albania\",\"https:\/\/www.youtube.com\/@PESPAGROUP\"]}]}<\/script>\n<!-- \/ Yoast SEO plugin. -->","yoast_head_json":{"title":"TECHNISCHE L\u00d6SUNGEN NACH PERSONALIZIERTEN PROJEKTEN - Pespa Alumin","robots":{"index":"index","follow":"follow","max-snippet":"max-snippet:-1","max-image-preview":"max-image-preview:large","max-video-preview":"max-video-preview:-1"},"canonical":"https:\/\/pespaalumin.com\/de\/dienstleistungen\/technische-loesungen-nach-personalizierten-projekten\/","og_locale":"de_DE","og_type":"article","og_title":"TECHNISCHE L\u00d6SUNGEN NACH PERSONALIZIERTEN PROJEKTEN - Pespa Alumin","og_description":"TECHNISCHE L\u00d6SUNGEN NACH PERSONALIZIERTEN PROJEKTEN Professionelle technische L\u00f6sungen nach dem Projekt oder den Entw\u00fcrfen des Kunden und schnelle Realisierung des Prototyps f\u00fcr Halbfertig- oder Fertigprodukte aus Aluminium, einschlie\u00dflich der abgeschlossenen Prozesse in anderen Abteilungen (Schwei\u00dfen, Montage, Eloxieren, F\u00e4rben) innerhalb desselben Unternehmens. Personalisierte gebrauchsfertige und halbfertige Aluminiumprodukte nach dem eigenen Design des Kunden Senden Sie Ihr [&hellip;]","og_url":"https:\/\/pespaalumin.com\/de\/dienstleistungen\/technische-loesungen-nach-personalizierten-projekten\/","og_site_name":"Pespa Alumin","article_publisher":"https:\/\/www.facebook.com\/pespagroup.albania","article_modified_time":"2023-09-28T22:40:40+00:00","twitter_card":"summary_large_image","schema":{"@context":"https:\/\/schema.org","@graph":[{"@type":"WebPage","@id":"https:\/\/pespaalumin.com\/de\/dienstleistungen\/technische-loesungen-nach-personalizierten-projekten\/","url":"https:\/\/pespaalumin.com\/de\/dienstleistungen\/technische-loesungen-nach-personalizierten-projekten\/","name":"TECHNISCHE L\u00d6SUNGEN NACH PERSONALIZIERTEN PROJEKTEN - Pespa Alumin","isPartOf":{"@id":"https:\/\/pespaalumin.com\/#website"},"datePublished":"2022-03-01T04:20:37+00:00","dateModified":"2023-09-28T22:40:40+00:00","breadcrumb":{"@id":"https:\/\/pespaalumin.com\/de\/dienstleistungen\/technische-loesungen-nach-personalizierten-projekten\/#breadcrumb"},"inLanguage":"de-DE","potentialAction":[{"@type":"ReadAction","target":["https:\/\/pespaalumin.com\/de\/dienstleistungen\/technische-loesungen-nach-personalizierten-projekten\/"]}]},{"@type":"BreadcrumbList","@id":"https:\/\/pespaalumin.com\/de\/dienstleistungen\/technische-loesungen-nach-personalizierten-projekten\/#breadcrumb","itemListElement":[{"@type":"ListItem","position":1,"name":"Home","item":"https:\/\/pespaalumin.com\/"},{"@type":"ListItem","position":2,"name":"DIENSTLEISTUNGEN","item":"https:\/\/pespaalumin.com\/de\/dienstleistungen\/"},{"@type":"ListItem","position":3,"name":"TECHNISCHE L\u00d6SUNGEN NACH PERSONALIZIERTEN PROJEKTEN"}]},{"@type":"WebSite","@id":"https:\/\/pespaalumin.com\/#website","url":"https:\/\/pespaalumin.com\/","name":"Pespa Alumin","description":"","publisher":{"@id":"https:\/\/pespaalumin.com\/#organization"},"potentialAction":[{"@type":"SearchAction","target":{"@type":"EntryPoint","urlTemplate":"https:\/\/pespaalumin.com\/?s={search_term_string}"},"query-input":{"@type":"PropertyValueSpecification","valueRequired":true,"valueName":"search_term_string"}}],"inLanguage":"de-DE"},{"@type":"Organization","@id":"https:\/\/pespaalumin.com\/#organization","name":"Pespa Alumin","url":"https:\/\/pespaalumin.com\/","logo":{"@type":"ImageObject","inLanguage":"de-DE","@id":"https:\/\/pespaalumin.com\/#\/schema\/logo\/image\/","url":"https:\/\/pespaalumin.com\/wp-content\/uploads\/2022\/02\/Pespa-logo-8.png","contentUrl":"https:\/\/pespaalumin.com\/wp-content\/uploads\/2022\/02\/Pespa-logo-8.png","width":187,"height":33,"caption":"Pespa Alumin"},"image":{"@id":"https:\/\/pespaalumin.com\/#\/schema\/logo\/image\/"},"sameAs":["https:\/\/www.facebook.com\/pespagroup.albania","https:\/\/www.youtube.com\/@PESPAGROUP"]}]}},"_links":{"self":[{"href":"https:\/\/pespaalumin.com\/de\/wp-json\/wp\/v2\/pages\/2815","targetHints":{"allow":["GET"]}}],"collection":[{"href":"https:\/\/pespaalumin.com\/de\/wp-json\/wp\/v2\/pages"}],"about":[{"href":"https:\/\/pespaalumin.com\/de\/wp-json\/wp\/v2\/types\/page"}],"author":[{"embeddable":true,"href":"https:\/\/pespaalumin.com\/de\/wp-json\/wp\/v2\/users\/10"}],"replies":[{"embeddable":true,"href":"https:\/\/pespaalumin.com\/de\/wp-json\/wp\/v2\/comments?post=2815"}],"version-history":[{"count":0,"href":"https:\/\/pespaalumin.com\/de\/wp-json\/wp\/v2\/pages\/2815\/revisions"}],"up":[{"embeddable":true,"href":"https:\/\/pespaalumin.com\/de\/wp-json\/wp\/v2\/pages\/2833"}],"wp:attachment":[{"href":"https:\/\/pespaalumin.com\/de\/wp-json\/wp\/v2\/media?parent=2815"}],"curies":[{"name":"wp","href":"https:\/\/api.w.org\/{rel}","templated":true}]}}