{"id":2797,"date":"2022-02-21T10:26:51","date_gmt":"2022-02-21T10:26:51","guid":{"rendered":"https:\/\/pespaalumin.com\/the-assembly-units-of-aluminum-products\/"},"modified":"2023-09-15T03:08:11","modified_gmt":"2023-09-15T03:08:11","slug":"montageeinheiten-von-aluminiumprodukten","status":"publish","type":"page","link":"https:\/\/pespaalumin.com\/de\/profil-des-unternehmens\/montageeinheiten-von-aluminiumprodukten\/","title":{"rendered":"MONTAGEEINHEITEN VON ALUMINIUMPRODUKTEN"},"content":{"rendered":"\t\t<div data-elementor-type=\"wp-page\" data-elementor-id=\"2797\" class=\"elementor elementor-2797 elementor-729\" data-elementor-post-type=\"page\">\n\t\t\t\t\t\t<section class=\"elementor-section elementor-top-section elementor-element elementor-element-50cb5fc elementor-section-height-min-height hero-home elementor-section-boxed elementor-section-height-default elementor-section-items-middle\" data-id=\"50cb5fc\" data-element_type=\"section\" data-e-type=\"section\" data-settings=\"{&quot;background_background&quot;:&quot;classic&quot;}\">\n\t\t\t\t\t\t\t<div class=\"elementor-background-overlay\"><\/div>\n\t\t\t\t\t\t\t<div class=\"elementor-container elementor-column-gap-default\">\n\t\t\t\t\t<div class=\"elementor-column elementor-col-100 elementor-top-column elementor-element elementor-element-eebecf5\" data-id=\"eebecf5\" data-element_type=\"column\" data-e-type=\"column\">\n\t\t\t<div class=\"elementor-widget-wrap elementor-element-populated\">\n\t\t\t\t\t\t<div class=\"elementor-element elementor-element-e9fbfee hero-title-style elementor-invisible elementor-widget elementor-widget-heading\" data-id=\"e9fbfee\" data-element_type=\"widget\" data-e-type=\"widget\" data-settings=\"{&quot;_animation&quot;:&quot;pulse&quot;}\" data-widget_type=\"heading.default\">\n\t\t\t\t<div class=\"elementor-widget-container\">\n\t\t\t\t\t<h2 class=\"elementor-heading-title elementor-size-default\">MONTAGEEINHEITEN VON ALUMINIUMPRODUKTEN<\/h2>\t\t\t\t<\/div>\n\t\t\t\t<\/div>\n\t\t\t\t\t<\/div>\n\t\t<\/div>\n\t\t\t\t\t<\/div>\n\t\t<\/section>\n\t\t\t\t<section class=\"elementor-section elementor-top-section elementor-element elementor-element-618273a elementor-section-boxed elementor-section-height-default elementor-section-height-default\" data-id=\"618273a\" data-element_type=\"section\" data-e-type=\"section\" data-settings=\"{&quot;background_background&quot;:&quot;classic&quot;}\">\n\t\t\t\t\t\t<div class=\"elementor-container elementor-column-gap-default\">\n\t\t\t\t\t<div class=\"elementor-column elementor-col-50 elementor-top-column elementor-element elementor-element-0ee1607\" data-id=\"0ee1607\" data-element_type=\"column\" data-e-type=\"column\">\n\t\t\t<div class=\"elementor-widget-wrap elementor-element-populated\">\n\t\t\t\t\t\t<div class=\"elementor-element elementor-element-58f9653f elementor-invisible elementor-widget elementor-widget-heading\" data-id=\"58f9653f\" data-element_type=\"widget\" data-e-type=\"widget\" data-settings=\"{&quot;_animation&quot;:&quot;fadeInDown&quot;}\" data-widget_type=\"heading.default\">\n\t\t\t\t<div class=\"elementor-widget-container\">\n\t\t\t\t\t<h2 class=\"elementor-heading-title elementor-size-default\">DIE MONTAGEEINHEITEN VON ALUMINIUMPRODUKTEN<\/h2>\t\t\t\t<\/div>\n\t\t\t\t<\/div>\n\t\t\t\t<div class=\"elementor-element elementor-element-6bb04c9 elementor-widget-divider--view-line elementor-widget elementor-widget-divider\" data-id=\"6bb04c9\" data-element_type=\"widget\" data-e-type=\"widget\" data-widget_type=\"divider.default\">\n\t\t\t\t<div class=\"elementor-widget-container\">\n\t\t\t\t\t\t\t<div class=\"elementor-divider\">\n\t\t\t<span class=\"elementor-divider-separator\">\n\t\t\t\t\t\t<\/span>\n\t\t<\/div>\n\t\t\t\t\t\t<\/div>\n\t\t\t\t<\/div>\n\t\t\t\t<div class=\"elementor-element elementor-element-e80890c elementor-invisible elementor-widget elementor-widget-text-editor\" data-id=\"e80890c\" data-element_type=\"widget\" data-e-type=\"widget\" data-settings=\"{&quot;_animation&quot;:&quot;fadeIn&quot;}\" data-widget_type=\"text-editor.default\">\n\t\t\t\t<div class=\"elementor-widget-container\">\n\t\t\t\t\t\t\t\t\t<p>Seit seiner Gr\u00fcndung in den fr\u00fchen 1995er Jahren ist die Hauptt\u00e4tigkeit von Pespa Aluminium die Entwicklung und Umsetzung von Projekten. Basierend auf dieser langj\u00e4hrigen Erfahrung und diesem Arbeitsgeist hat das Unternehmen in den letzten 5 Jahren diese &#8220;Kraft&#8221; in sich selbst verwandelt und es ist ihm gelungen, spezialisierte Einheiten f\u00fcr die Montage von Aluminiumprodukten zu schaffen. Seit 2006 arbeitet das Unternehmen in voller \u00dcbereinstimmung mit der Norm ISO 9001 f\u00fcr die Durchf\u00fchrung von Prozessen und Produkten wie:<\/p><p>Entwicklung, Herstellung und Handel von Aluminiumprofilen und Zubeh\u00f6r f\u00fcr zivile und industrielle Anwendungen.<\/p><p>Planung, Herstellung und Handel von Fertigprodukten aus Aluminiumgel\u00e4ndersystemen, hinterl\u00fcfteten Fassaden, Balustraden, Sonnenschutzanlagen, Z\u00e4unen sowie Aluminiumkomponenten f\u00fcr die Einrichtung von M\u00f6beln f\u00fcr den Innen- und Au\u00dfenbereich.<\/p><p>Planung, Herstellung und Handel von Aluminium-Montagekonstruktionen f\u00fcr die Installation von Sonnenkollektoren und Photovoltaikanlagen f\u00fcr Solarenergie.<\/p><p>Projektierung, Herstellung und Handel von modularen Aluminiumkonstruktionen f\u00fcr den Bau von Wohn- und Industriegeb\u00e4uden und die entsprechende Montage.<\/p>\t\t\t\t\t\t\t\t<\/div>\n\t\t\t\t<\/div>\n\t\t\t\t\t<\/div>\n\t\t<\/div>\n\t\t\t\t<div class=\"elementor-column elementor-col-50 elementor-top-column elementor-element elementor-element-1f14db8 col-images\" data-id=\"1f14db8\" data-element_type=\"column\" data-e-type=\"column\">\n\t\t\t<div class=\"elementor-widget-wrap elementor-element-populated\">\n\t\t\t\t\t\t<section class=\"elementor-section elementor-inner-section elementor-element elementor-element-e231b75 elementor-section-boxed elementor-section-height-default elementor-section-height-default\" data-id=\"e231b75\" data-element_type=\"section\" data-e-type=\"section\">\n\t\t\t\t\t\t<div class=\"elementor-container elementor-column-gap-default\">\n\t\t\t\t\t<div class=\"elementor-column elementor-col-50 elementor-inner-column elementor-element elementor-element-beca2a3\" data-id=\"beca2a3\" data-element_type=\"column\" data-e-type=\"column\">\n\t\t\t<div class=\"elementor-widget-wrap elementor-element-populated\">\n\t\t\t\t\t\t<div class=\"elementor-element elementor-element-e21c789 elementor-widget elementor-widget-image\" data-id=\"e21c789\" data-element_type=\"widget\" data-e-type=\"widget\" data-widget_type=\"image.default\">\n\t\t\t\t<div class=\"elementor-widget-container\">\n\t\t\t\t\t\t\t\t\t\t\t\t\t\t\t<img fetchpriority=\"high\" decoding=\"async\" width=\"2560\" height=\"1707\" src=\"https:\/\/pespaalumin.com\/wp-content\/uploads\/2022\/03\/1.Assembly-of-aluminium-structure-products-scaled.jpg\" class=\"attachment-full size-full wp-image-2647\" alt=\"\" srcset=\"https:\/\/pespaalumin.com\/wp-content\/uploads\/2022\/03\/1.Assembly-of-aluminium-structure-products-scaled.jpg 2560w, https:\/\/pespaalumin.com\/wp-content\/uploads\/2022\/03\/1.Assembly-of-aluminium-structure-products-300x200.jpg 300w, https:\/\/pespaalumin.com\/wp-content\/uploads\/2022\/03\/1.Assembly-of-aluminium-structure-products-1024x683.jpg 1024w, https:\/\/pespaalumin.com\/wp-content\/uploads\/2022\/03\/1.Assembly-of-aluminium-structure-products-768x512.jpg 768w, https:\/\/pespaalumin.com\/wp-content\/uploads\/2022\/03\/1.Assembly-of-aluminium-structure-products-1536x1024.jpg 1536w, https:\/\/pespaalumin.com\/wp-content\/uploads\/2022\/03\/1.Assembly-of-aluminium-structure-products-2048x1365.jpg 2048w, https:\/\/pespaalumin.com\/wp-content\/uploads\/2022\/03\/1.Assembly-of-aluminium-structure-products-500x333.jpg 500w, https:\/\/pespaalumin.com\/wp-content\/uploads\/2022\/03\/1.Assembly-of-aluminium-structure-products-800x533.jpg 800w, https:\/\/pespaalumin.com\/wp-content\/uploads\/2022\/03\/1.Assembly-of-aluminium-structure-products-1280x853.jpg 1280w\" sizes=\"(max-width: 2560px) 100vw, 2560px\" \/>\t\t\t\t\t\t\t\t\t\t\t\t\t\t\t<\/div>\n\t\t\t\t<\/div>\n\t\t\t\t\t<\/div>\n\t\t<\/div>\n\t\t\t\t<div class=\"elementor-column elementor-col-50 elementor-inner-column elementor-element elementor-element-7930e44\" data-id=\"7930e44\" data-element_type=\"column\" data-e-type=\"column\">\n\t\t\t<div class=\"elementor-widget-wrap elementor-element-populated\">\n\t\t\t\t\t\t<div class=\"elementor-element elementor-element-d5b9f97 elementor-widget elementor-widget-image\" data-id=\"d5b9f97\" data-element_type=\"widget\" data-e-type=\"widget\" data-widget_type=\"image.default\">\n\t\t\t\t<div class=\"elementor-widget-container\">\n\t\t\t\t\t\t\t\t\t\t\t\t\t\t\t<img decoding=\"async\" width=\"1920\" height=\"1280\" src=\"https:\/\/pespaalumin.com\/wp-content\/uploads\/2022\/03\/2.Assembly-aluminium-photovoltaics-supporting-structure.jpg\" class=\"attachment-full size-full wp-image-2648\" alt=\"\" srcset=\"https:\/\/pespaalumin.com\/wp-content\/uploads\/2022\/03\/2.Assembly-aluminium-photovoltaics-supporting-structure.jpg 1920w, https:\/\/pespaalumin.com\/wp-content\/uploads\/2022\/03\/2.Assembly-aluminium-photovoltaics-supporting-structure-300x200.jpg 300w, https:\/\/pespaalumin.com\/wp-content\/uploads\/2022\/03\/2.Assembly-aluminium-photovoltaics-supporting-structure-1024x683.jpg 1024w, https:\/\/pespaalumin.com\/wp-content\/uploads\/2022\/03\/2.Assembly-aluminium-photovoltaics-supporting-structure-768x512.jpg 768w, https:\/\/pespaalumin.com\/wp-content\/uploads\/2022\/03\/2.Assembly-aluminium-photovoltaics-supporting-structure-1536x1024.jpg 1536w, https:\/\/pespaalumin.com\/wp-content\/uploads\/2022\/03\/2.Assembly-aluminium-photovoltaics-supporting-structure-500x333.jpg 500w, https:\/\/pespaalumin.com\/wp-content\/uploads\/2022\/03\/2.Assembly-aluminium-photovoltaics-supporting-structure-800x533.jpg 800w, https:\/\/pespaalumin.com\/wp-content\/uploads\/2022\/03\/2.Assembly-aluminium-photovoltaics-supporting-structure-1280x853.jpg 1280w, https:\/\/pespaalumin.com\/wp-content\/uploads\/2022\/03\/2.Assembly-aluminium-photovoltaics-supporting-structure-1568x1045.jpg 1568w\" sizes=\"(max-width: 1920px) 100vw, 1920px\" \/>\t\t\t\t\t\t\t\t\t\t\t\t\t\t\t<\/div>\n\t\t\t\t<\/div>\n\t\t\t\t\t<\/div>\n\t\t<\/div>\n\t\t\t\t\t<\/div>\n\t\t<\/section>\n\t\t\t\t<section class=\"elementor-section elementor-inner-section elementor-element elementor-element-62e7868 elementor-section-boxed elementor-section-height-default elementor-section-height-default\" data-id=\"62e7868\" data-element_type=\"section\" data-e-type=\"section\">\n\t\t\t\t\t\t<div class=\"elementor-container elementor-column-gap-default\">\n\t\t\t\t\t<div class=\"elementor-column elementor-col-50 elementor-inner-column elementor-element elementor-element-a36ae80\" data-id=\"a36ae80\" data-element_type=\"column\" data-e-type=\"column\">\n\t\t\t<div class=\"elementor-widget-wrap elementor-element-populated\">\n\t\t\t\t\t\t<div class=\"elementor-element elementor-element-0d88819 elementor-widget elementor-widget-image\" data-id=\"0d88819\" data-element_type=\"widget\" data-e-type=\"widget\" data-widget_type=\"image.default\">\n\t\t\t\t<div class=\"elementor-widget-container\">\n\t\t\t\t\t\t\t\t\t\t\t\t\t\t\t<img decoding=\"async\" width=\"2560\" height=\"1707\" src=\"https:\/\/pespaalumin.com\/wp-content\/uploads\/2022\/03\/3.Assembly-of-aluminium-posts-and-semiproducts-scaled.jpg\" class=\"attachment-full size-full wp-image-2650\" alt=\"\" srcset=\"https:\/\/pespaalumin.com\/wp-content\/uploads\/2022\/03\/3.Assembly-of-aluminium-posts-and-semiproducts-scaled.jpg 2560w, https:\/\/pespaalumin.com\/wp-content\/uploads\/2022\/03\/3.Assembly-of-aluminium-posts-and-semiproducts-300x200.jpg 300w, https:\/\/pespaalumin.com\/wp-content\/uploads\/2022\/03\/3.Assembly-of-aluminium-posts-and-semiproducts-1024x683.jpg 1024w, https:\/\/pespaalumin.com\/wp-content\/uploads\/2022\/03\/3.Assembly-of-aluminium-posts-and-semiproducts-768x512.jpg 768w, https:\/\/pespaalumin.com\/wp-content\/uploads\/2022\/03\/3.Assembly-of-aluminium-posts-and-semiproducts-1536x1024.jpg 1536w, https:\/\/pespaalumin.com\/wp-content\/uploads\/2022\/03\/3.Assembly-of-aluminium-posts-and-semiproducts-2048x1365.jpg 2048w, https:\/\/pespaalumin.com\/wp-content\/uploads\/2022\/03\/3.Assembly-of-aluminium-posts-and-semiproducts-500x333.jpg 500w, https:\/\/pespaalumin.com\/wp-content\/uploads\/2022\/03\/3.Assembly-of-aluminium-posts-and-semiproducts-800x533.jpg 800w, https:\/\/pespaalumin.com\/wp-content\/uploads\/2022\/03\/3.Assembly-of-aluminium-posts-and-semiproducts-1280x853.jpg 1280w\" sizes=\"(max-width: 2560px) 100vw, 2560px\" \/>\t\t\t\t\t\t\t\t\t\t\t\t\t\t\t<\/div>\n\t\t\t\t<\/div>\n\t\t\t\t\t<\/div>\n\t\t<\/div>\n\t\t\t\t<div class=\"elementor-column elementor-col-50 elementor-inner-column elementor-element elementor-element-22a6e11\" data-id=\"22a6e11\" data-element_type=\"column\" data-e-type=\"column\">\n\t\t\t<div class=\"elementor-widget-wrap elementor-element-populated\">\n\t\t\t\t\t\t<div class=\"elementor-element elementor-element-541d3cf elementor-widget elementor-widget-image\" data-id=\"541d3cf\" data-element_type=\"widget\" data-e-type=\"widget\" data-widget_type=\"image.default\">\n\t\t\t\t<div class=\"elementor-widget-container\">\n\t\t\t\t\t\t\t\t\t\t\t\t\t\t\t<img loading=\"lazy\" decoding=\"async\" width=\"1280\" height=\"904\" src=\"https:\/\/pespaalumin.com\/wp-content\/uploads\/2022\/03\/4.Aluminium-furniture-structures-assembly.jpg\" class=\"attachment-full size-full wp-image-2649\" alt=\"\" srcset=\"https:\/\/pespaalumin.com\/wp-content\/uploads\/2022\/03\/4.Aluminium-furniture-structures-assembly.jpg 1280w, https:\/\/pespaalumin.com\/wp-content\/uploads\/2022\/03\/4.Aluminium-furniture-structures-assembly-300x212.jpg 300w, https:\/\/pespaalumin.com\/wp-content\/uploads\/2022\/03\/4.Aluminium-furniture-structures-assembly-1024x723.jpg 1024w, https:\/\/pespaalumin.com\/wp-content\/uploads\/2022\/03\/4.Aluminium-furniture-structures-assembly-768x542.jpg 768w, https:\/\/pespaalumin.com\/wp-content\/uploads\/2022\/03\/4.Aluminium-furniture-structures-assembly-500x353.jpg 500w, https:\/\/pespaalumin.com\/wp-content\/uploads\/2022\/03\/4.Aluminium-furniture-structures-assembly-800x565.jpg 800w\" sizes=\"(max-width: 1280px) 100vw, 1280px\" \/>\t\t\t\t\t\t\t\t\t\t\t\t\t\t\t<\/div>\n\t\t\t\t<\/div>\n\t\t\t\t\t<\/div>\n\t\t<\/div>\n\t\t\t\t\t<\/div>\n\t\t<\/section>\n\t\t\t\t\t<\/div>\n\t\t<\/div>\n\t\t\t\t\t<\/div>\n\t\t<\/section>\n\t\t\t\t<\/div>\n\t\t","protected":false},"excerpt":{"rendered":"<p>MONTAGEEINHEITEN VON ALUMINIUMPRODUKTEN DIE MONTAGEEINHEITEN VON ALUMINIUMPRODUKTEN Seit seiner Gr\u00fcndung in den fr\u00fchen 1995er Jahren ist die Hauptt\u00e4tigkeit von Pespa Aluminium die Entwicklung und Umsetzung von Projekten. Basierend auf dieser langj\u00e4hrigen Erfahrung und diesem Arbeitsgeist hat das Unternehmen in den letzten 5 Jahren diese &#8220;Kraft&#8221; in sich selbst verwandelt und es ist ihm gelungen, spezialisierte [&hellip;]<\/p>\n","protected":false},"author":10,"featured_media":0,"parent":2806,"menu_order":0,"comment_status":"closed","ping_status":"closed","template":"template-page-builder.php","meta":{"_vp_format_video_url":"","_vp_image_focal_point":[],"footnotes":""},"class_list":["post-2797","page","type-page","status-publish","hentry"],"yoast_head":"<!-- This site is optimized with the Yoast SEO plugin v27.3 - https:\/\/yoast.com\/product\/yoast-seo-wordpress\/ -->\n<title>MONTAGEEINHEITEN VON ALUMINIUMPRODUKTEN - Pespa Alumin<\/title>\n<meta name=\"robots\" content=\"index, follow, max-snippet:-1, max-image-preview:large, max-video-preview:-1\" \/>\n<link rel=\"canonical\" href=\"https:\/\/pespaalumin.com\/about-company\/the-assembly-units-of-aluminum-products\/\" \/>\n<meta property=\"og:locale\" content=\"de_DE\" \/>\n<meta property=\"og:type\" content=\"article\" \/>\n<meta property=\"og:title\" content=\"MONTAGEEINHEITEN VON ALUMINIUMPRODUKTEN - Pespa Alumin\" \/>\n<meta property=\"og:description\" content=\"MONTAGEEINHEITEN VON ALUMINIUMPRODUKTEN DIE MONTAGEEINHEITEN VON ALUMINIUMPRODUKTEN Seit seiner Gr\u00fcndung in den fr\u00fchen 1995er Jahren ist die Hauptt\u00e4tigkeit von Pespa Aluminium die Entwicklung und Umsetzung von Projekten. Basierend auf dieser langj\u00e4hrigen Erfahrung und diesem Arbeitsgeist hat das Unternehmen in den letzten 5 Jahren diese &#8220;Kraft&#8221; in sich selbst verwandelt und es ist ihm gelungen, spezialisierte [&hellip;]\" \/>\n<meta property=\"og:url\" content=\"https:\/\/pespaalumin.com\/about-company\/the-assembly-units-of-aluminum-products\/\" \/>\n<meta property=\"og:site_name\" content=\"Pespa Alumin\" \/>\n<meta property=\"article:publisher\" content=\"https:\/\/www.facebook.com\/pespagroup.albania\" \/>\n<meta property=\"article:modified_time\" content=\"2023-09-15T03:08:11+00:00\" \/>\n<meta property=\"og:image\" content=\"https:\/\/pespaalumin.com\/wp-content\/uploads\/2022\/03\/1.Assembly-of-aluminium-structure-products-scaled.jpg\" \/>\n\t<meta property=\"og:image:width\" content=\"2560\" \/>\n\t<meta property=\"og:image:height\" content=\"1707\" \/>\n\t<meta property=\"og:image:type\" content=\"image\/jpeg\" \/>\n<meta name=\"twitter:card\" content=\"summary_large_image\" \/>\n<meta name=\"twitter:label1\" content=\"Gesch\u00e4tzte Lesezeit\" \/>\n\t<meta name=\"twitter:data1\" content=\"1 minute\" \/>\n<script type=\"application\/ld+json\" class=\"yoast-schema-graph\">{\"@context\":\"https:\\\/\\\/schema.org\",\"@graph\":[{\"@type\":\"WebPage\",\"@id\":\"https:\\\/\\\/pespaalumin.com\\\/about-company\\\/the-assembly-units-of-aluminum-products\\\/\",\"url\":\"https:\\\/\\\/pespaalumin.com\\\/about-company\\\/the-assembly-units-of-aluminum-products\\\/\",\"name\":\"MONTAGEEINHEITEN VON ALUMINIUMPRODUKTEN - Pespa Alumin\",\"isPartOf\":{\"@id\":\"https:\\\/\\\/pespaalumin.com\\\/#website\"},\"primaryImageOfPage\":{\"@id\":\"https:\\\/\\\/pespaalumin.com\\\/about-company\\\/the-assembly-units-of-aluminum-products\\\/#primaryimage\"},\"image\":{\"@id\":\"https:\\\/\\\/pespaalumin.com\\\/about-company\\\/the-assembly-units-of-aluminum-products\\\/#primaryimage\"},\"thumbnailUrl\":\"https:\\\/\\\/pespaalumin.com\\\/wp-content\\\/uploads\\\/2022\\\/03\\\/1.Assembly-of-aluminium-structure-products-scaled.jpg\",\"datePublished\":\"2022-02-21T10:26:51+00:00\",\"dateModified\":\"2023-09-15T03:08:11+00:00\",\"breadcrumb\":{\"@id\":\"https:\\\/\\\/pespaalumin.com\\\/about-company\\\/the-assembly-units-of-aluminum-products\\\/#breadcrumb\"},\"inLanguage\":\"de-DE\",\"potentialAction\":[{\"@type\":\"ReadAction\",\"target\":[\"https:\\\/\\\/pespaalumin.com\\\/about-company\\\/the-assembly-units-of-aluminum-products\\\/\"]}]},{\"@type\":\"ImageObject\",\"inLanguage\":\"de-DE\",\"@id\":\"https:\\\/\\\/pespaalumin.com\\\/about-company\\\/the-assembly-units-of-aluminum-products\\\/#primaryimage\",\"url\":\"https:\\\/\\\/pespaalumin.com\\\/wp-content\\\/uploads\\\/2022\\\/03\\\/1.Assembly-of-aluminium-structure-products-scaled.jpg\",\"contentUrl\":\"https:\\\/\\\/pespaalumin.com\\\/wp-content\\\/uploads\\\/2022\\\/03\\\/1.Assembly-of-aluminium-structure-products-scaled.jpg\"},{\"@type\":\"BreadcrumbList\",\"@id\":\"https:\\\/\\\/pespaalumin.com\\\/about-company\\\/the-assembly-units-of-aluminum-products\\\/#breadcrumb\",\"itemListElement\":[{\"@type\":\"ListItem\",\"position\":1,\"name\":\"Home\",\"item\":\"https:\\\/\\\/pespaalumin.com\\\/\"},{\"@type\":\"ListItem\",\"position\":2,\"name\":\"Profil des Unternehmens\",\"item\":\"https:\\\/\\\/pespaalumin.com\\\/about-company\\\/\"},{\"@type\":\"ListItem\",\"position\":3,\"name\":\"MONTAGEEINHEITEN VON ALUMINIUMPRODUKTEN\"}]},{\"@type\":\"WebSite\",\"@id\":\"https:\\\/\\\/pespaalumin.com\\\/#website\",\"url\":\"https:\\\/\\\/pespaalumin.com\\\/\",\"name\":\"Pespa Alumin\",\"description\":\"\",\"publisher\":{\"@id\":\"https:\\\/\\\/pespaalumin.com\\\/#organization\"},\"potentialAction\":[{\"@type\":\"SearchAction\",\"target\":{\"@type\":\"EntryPoint\",\"urlTemplate\":\"https:\\\/\\\/pespaalumin.com\\\/?s={search_term_string}\"},\"query-input\":{\"@type\":\"PropertyValueSpecification\",\"valueRequired\":true,\"valueName\":\"search_term_string\"}}],\"inLanguage\":\"de-DE\"},{\"@type\":\"Organization\",\"@id\":\"https:\\\/\\\/pespaalumin.com\\\/#organization\",\"name\":\"Pespa Alumin\",\"url\":\"https:\\\/\\\/pespaalumin.com\\\/\",\"logo\":{\"@type\":\"ImageObject\",\"inLanguage\":\"de-DE\",\"@id\":\"https:\\\/\\\/pespaalumin.com\\\/#\\\/schema\\\/logo\\\/image\\\/\",\"url\":\"https:\\\/\\\/pespaalumin.com\\\/wp-content\\\/uploads\\\/2022\\\/02\\\/Pespa-logo-8.png\",\"contentUrl\":\"https:\\\/\\\/pespaalumin.com\\\/wp-content\\\/uploads\\\/2022\\\/02\\\/Pespa-logo-8.png\",\"width\":187,\"height\":33,\"caption\":\"Pespa Alumin\"},\"image\":{\"@id\":\"https:\\\/\\\/pespaalumin.com\\\/#\\\/schema\\\/logo\\\/image\\\/\"},\"sameAs\":[\"https:\\\/\\\/www.facebook.com\\\/pespagroup.albania\",\"https:\\\/\\\/www.youtube.com\\\/@PESPAGROUP\"]}]}<\/script>\n<!-- \/ Yoast SEO plugin. -->","yoast_head_json":{"title":"MONTAGEEINHEITEN VON ALUMINIUMPRODUKTEN - Pespa Alumin","robots":{"index":"index","follow":"follow","max-snippet":"max-snippet:-1","max-image-preview":"max-image-preview:large","max-video-preview":"max-video-preview:-1"},"canonical":"https:\/\/pespaalumin.com\/about-company\/the-assembly-units-of-aluminum-products\/","og_locale":"de_DE","og_type":"article","og_title":"MONTAGEEINHEITEN VON ALUMINIUMPRODUKTEN - Pespa Alumin","og_description":"MONTAGEEINHEITEN VON ALUMINIUMPRODUKTEN DIE MONTAGEEINHEITEN VON ALUMINIUMPRODUKTEN Seit seiner Gr\u00fcndung in den fr\u00fchen 1995er Jahren ist die Hauptt\u00e4tigkeit von Pespa Aluminium die Entwicklung und Umsetzung von Projekten. Basierend auf dieser langj\u00e4hrigen Erfahrung und diesem Arbeitsgeist hat das Unternehmen in den letzten 5 Jahren diese &#8220;Kraft&#8221; in sich selbst verwandelt und es ist ihm gelungen, spezialisierte [&hellip;]","og_url":"https:\/\/pespaalumin.com\/about-company\/the-assembly-units-of-aluminum-products\/","og_site_name":"Pespa Alumin","article_publisher":"https:\/\/www.facebook.com\/pespagroup.albania","article_modified_time":"2023-09-15T03:08:11+00:00","og_image":[{"width":2560,"height":1707,"url":"https:\/\/pespaalumin.com\/wp-content\/uploads\/2022\/03\/1.Assembly-of-aluminium-structure-products-scaled.jpg","type":"image\/jpeg"}],"twitter_card":"summary_large_image","twitter_misc":{"Gesch\u00e4tzte Lesezeit":"1 minute"},"schema":{"@context":"https:\/\/schema.org","@graph":[{"@type":"WebPage","@id":"https:\/\/pespaalumin.com\/about-company\/the-assembly-units-of-aluminum-products\/","url":"https:\/\/pespaalumin.com\/about-company\/the-assembly-units-of-aluminum-products\/","name":"MONTAGEEINHEITEN VON ALUMINIUMPRODUKTEN - Pespa Alumin","isPartOf":{"@id":"https:\/\/pespaalumin.com\/#website"},"primaryImageOfPage":{"@id":"https:\/\/pespaalumin.com\/about-company\/the-assembly-units-of-aluminum-products\/#primaryimage"},"image":{"@id":"https:\/\/pespaalumin.com\/about-company\/the-assembly-units-of-aluminum-products\/#primaryimage"},"thumbnailUrl":"https:\/\/pespaalumin.com\/wp-content\/uploads\/2022\/03\/1.Assembly-of-aluminium-structure-products-scaled.jpg","datePublished":"2022-02-21T10:26:51+00:00","dateModified":"2023-09-15T03:08:11+00:00","breadcrumb":{"@id":"https:\/\/pespaalumin.com\/about-company\/the-assembly-units-of-aluminum-products\/#breadcrumb"},"inLanguage":"de-DE","potentialAction":[{"@type":"ReadAction","target":["https:\/\/pespaalumin.com\/about-company\/the-assembly-units-of-aluminum-products\/"]}]},{"@type":"ImageObject","inLanguage":"de-DE","@id":"https:\/\/pespaalumin.com\/about-company\/the-assembly-units-of-aluminum-products\/#primaryimage","url":"https:\/\/pespaalumin.com\/wp-content\/uploads\/2022\/03\/1.Assembly-of-aluminium-structure-products-scaled.jpg","contentUrl":"https:\/\/pespaalumin.com\/wp-content\/uploads\/2022\/03\/1.Assembly-of-aluminium-structure-products-scaled.jpg"},{"@type":"BreadcrumbList","@id":"https:\/\/pespaalumin.com\/about-company\/the-assembly-units-of-aluminum-products\/#breadcrumb","itemListElement":[{"@type":"ListItem","position":1,"name":"Home","item":"https:\/\/pespaalumin.com\/"},{"@type":"ListItem","position":2,"name":"Profil des Unternehmens","item":"https:\/\/pespaalumin.com\/about-company\/"},{"@type":"ListItem","position":3,"name":"MONTAGEEINHEITEN VON ALUMINIUMPRODUKTEN"}]},{"@type":"WebSite","@id":"https:\/\/pespaalumin.com\/#website","url":"https:\/\/pespaalumin.com\/","name":"Pespa Alumin","description":"","publisher":{"@id":"https:\/\/pespaalumin.com\/#organization"},"potentialAction":[{"@type":"SearchAction","target":{"@type":"EntryPoint","urlTemplate":"https:\/\/pespaalumin.com\/?s={search_term_string}"},"query-input":{"@type":"PropertyValueSpecification","valueRequired":true,"valueName":"search_term_string"}}],"inLanguage":"de-DE"},{"@type":"Organization","@id":"https:\/\/pespaalumin.com\/#organization","name":"Pespa Alumin","url":"https:\/\/pespaalumin.com\/","logo":{"@type":"ImageObject","inLanguage":"de-DE","@id":"https:\/\/pespaalumin.com\/#\/schema\/logo\/image\/","url":"https:\/\/pespaalumin.com\/wp-content\/uploads\/2022\/02\/Pespa-logo-8.png","contentUrl":"https:\/\/pespaalumin.com\/wp-content\/uploads\/2022\/02\/Pespa-logo-8.png","width":187,"height":33,"caption":"Pespa Alumin"},"image":{"@id":"https:\/\/pespaalumin.com\/#\/schema\/logo\/image\/"},"sameAs":["https:\/\/www.facebook.com\/pespagroup.albania","https:\/\/www.youtube.com\/@PESPAGROUP"]}]}},"_links":{"self":[{"href":"https:\/\/pespaalumin.com\/de\/wp-json\/wp\/v2\/pages\/2797","targetHints":{"allow":["GET"]}}],"collection":[{"href":"https:\/\/pespaalumin.com\/de\/wp-json\/wp\/v2\/pages"}],"about":[{"href":"https:\/\/pespaalumin.com\/de\/wp-json\/wp\/v2\/types\/page"}],"author":[{"embeddable":true,"href":"https:\/\/pespaalumin.com\/de\/wp-json\/wp\/v2\/users\/10"}],"replies":[{"embeddable":true,"href":"https:\/\/pespaalumin.com\/de\/wp-json\/wp\/v2\/comments?post=2797"}],"version-history":[{"count":0,"href":"https:\/\/pespaalumin.com\/de\/wp-json\/wp\/v2\/pages\/2797\/revisions"}],"up":[{"embeddable":true,"href":"https:\/\/pespaalumin.com\/de\/wp-json\/wp\/v2\/pages\/2806"}],"wp:attachment":[{"href":"https:\/\/pespaalumin.com\/de\/wp-json\/wp\/v2\/media?parent=2797"}],"curies":[{"name":"wp","href":"https:\/\/api.w.org\/{rel}","templated":true}]}}