{"id":2786,"date":"2022-02-21T13:59:01","date_gmt":"2022-02-21T13:59:01","guid":{"rendered":"https:\/\/pespaalumin.com\/our-welding-units\/"},"modified":"2023-09-15T03:00:40","modified_gmt":"2023-09-15T03:00:40","slug":"unsere-schweissgeraete","status":"publish","type":"page","link":"https:\/\/pespaalumin.com\/de\/profil-des-unternehmens\/unsere-schweissgeraete\/","title":{"rendered":"UNSERE SCHWEISSGER\u00c4TE"},"content":{"rendered":"\t\t<div data-elementor-type=\"wp-page\" data-elementor-id=\"2786\" class=\"elementor elementor-2786 elementor-877\" data-elementor-post-type=\"page\">\n\t\t\t\t\t\t<section class=\"elementor-section elementor-top-section elementor-element elementor-element-50cb5fc elementor-section-height-min-height hero-home elementor-section-boxed elementor-section-height-default elementor-section-items-middle\" data-id=\"50cb5fc\" data-element_type=\"section\" data-e-type=\"section\" data-settings=\"{&quot;background_background&quot;:&quot;classic&quot;}\">\n\t\t\t\t\t\t\t<div class=\"elementor-background-overlay\"><\/div>\n\t\t\t\t\t\t\t<div class=\"elementor-container elementor-column-gap-default\">\n\t\t\t\t\t<div class=\"elementor-column elementor-col-100 elementor-top-column elementor-element elementor-element-eebecf5\" data-id=\"eebecf5\" data-element_type=\"column\" data-e-type=\"column\">\n\t\t\t<div class=\"elementor-widget-wrap elementor-element-populated\">\n\t\t\t\t\t\t<div class=\"elementor-element elementor-element-e9fbfee hero-title-style elementor-invisible elementor-widget elementor-widget-heading\" data-id=\"e9fbfee\" data-element_type=\"widget\" data-e-type=\"widget\" data-settings=\"{&quot;_animation&quot;:&quot;pulse&quot;}\" data-widget_type=\"heading.default\">\n\t\t\t\t<div class=\"elementor-widget-container\">\n\t\t\t\t\t<h2 class=\"elementor-heading-title elementor-size-default\">SCHWEISSGER\u00c4TE<\/h2>\t\t\t\t<\/div>\n\t\t\t\t<\/div>\n\t\t\t\t\t<\/div>\n\t\t<\/div>\n\t\t\t\t\t<\/div>\n\t\t<\/section>\n\t\t\t\t<section class=\"elementor-section elementor-top-section elementor-element elementor-element-618273a elementor-section-boxed elementor-section-height-default elementor-section-height-default\" data-id=\"618273a\" data-element_type=\"section\" data-e-type=\"section\" data-settings=\"{&quot;background_background&quot;:&quot;classic&quot;}\">\n\t\t\t\t\t\t<div class=\"elementor-container elementor-column-gap-default\">\n\t\t\t\t\t<div class=\"elementor-column elementor-col-50 elementor-top-column elementor-element elementor-element-0ee1607\" data-id=\"0ee1607\" data-element_type=\"column\" data-e-type=\"column\">\n\t\t\t<div class=\"elementor-widget-wrap elementor-element-populated\">\n\t\t\t\t\t\t<div class=\"elementor-element elementor-element-58f9653f elementor-invisible elementor-widget elementor-widget-heading\" data-id=\"58f9653f\" data-element_type=\"widget\" data-e-type=\"widget\" data-settings=\"{&quot;_animation&quot;:&quot;fadeInDown&quot;}\" data-widget_type=\"heading.default\">\n\t\t\t\t<div class=\"elementor-widget-container\">\n\t\t\t\t\t<h2 class=\"elementor-heading-title elementor-size-default\">UNSERE SCHWEISSGER\u00c4TE<\/h2>\t\t\t\t<\/div>\n\t\t\t\t<\/div>\n\t\t\t\t<div class=\"elementor-element elementor-element-6bb04c9 elementor-widget-divider--view-line elementor-widget elementor-widget-divider\" data-id=\"6bb04c9\" data-element_type=\"widget\" data-e-type=\"widget\" data-widget_type=\"divider.default\">\n\t\t\t\t<div class=\"elementor-widget-container\">\n\t\t\t\t\t\t\t<div class=\"elementor-divider\">\n\t\t\t<span class=\"elementor-divider-separator\">\n\t\t\t\t\t\t<\/span>\n\t\t<\/div>\n\t\t\t\t\t\t<\/div>\n\t\t\t\t<\/div>\n\t\t\t\t<div class=\"elementor-element elementor-element-e80890c elementor-invisible elementor-widget elementor-widget-text-editor\" data-id=\"e80890c\" data-element_type=\"widget\" data-e-type=\"widget\" data-settings=\"{&quot;_animation&quot;:&quot;fadeIn&quot;}\" data-widget_type=\"text-editor.default\">\n\t\t\t\t<div class=\"elementor-widget-container\">\n\t\t\t\t\t\t\t\t\t<p>Sind spezielle WIG- und MIG-Schwei\u00dfeinheiten von Aluminiumprodukten mit Oberfl\u00e4chen, Formen, Winkeln und verschiedenen Gr\u00f6\u00dfen von Aluminiumlegierungen der Serien 4000, 5000, 6000 usw. Stellen Sie das Aluminiumschwei\u00dfen f\u00fcr eine breite Palette von Aluminiumprodukten sicher, die im Hoch-, Industrie- und Hochbau, in der Architektur-, M\u00f6bel-, Automobil- und Maschinenindustrie verwendet werden. Erm\u00f6glicht die Oberfl\u00e4chenbehandlung dieser Aluminiumprodukte nicht nur in Pulverbeschichtung, sondern auch in eloxierter Ausf\u00fchrung am Ende des Gesamtprozesses, indem verschiedene Montagekombinationen des Halbzeugs und des gebrauchsfertigen Aluminiumprodukts innerhalb der Standards des Unternehmens &#8220;Total Quality&#8221; angeboten werden.<\/p>\t\t\t\t\t\t\t\t<\/div>\n\t\t\t\t<\/div>\n\t\t\t\t\t<\/div>\n\t\t<\/div>\n\t\t\t\t<div class=\"elementor-column elementor-col-50 elementor-top-column elementor-element elementor-element-1f14db8\" data-id=\"1f14db8\" data-element_type=\"column\" data-e-type=\"column\">\n\t\t\t<div class=\"elementor-widget-wrap elementor-element-populated\">\n\t\t\t\t\t\t<div class=\"elementor-element elementor-element-76d521c elementor-widget elementor-widget-image\" data-id=\"76d521c\" data-element_type=\"widget\" data-e-type=\"widget\" data-widget_type=\"image.default\">\n\t\t\t\t<div class=\"elementor-widget-container\">\n\t\t\t\t\t\t\t\t\t\t\t\t\t\t\t<img fetchpriority=\"high\" decoding=\"async\" width=\"2560\" height=\"1707\" src=\"https:\/\/pespaalumin.com\/wp-content\/uploads\/2022\/02\/0.Aluminium-welding-working-units-scaled.jpg\" class=\"attachment-full size-full wp-image-2630\" alt=\"\" srcset=\"https:\/\/pespaalumin.com\/wp-content\/uploads\/2022\/02\/0.Aluminium-welding-working-units-scaled.jpg 2560w, https:\/\/pespaalumin.com\/wp-content\/uploads\/2022\/02\/0.Aluminium-welding-working-units-300x200.jpg 300w, https:\/\/pespaalumin.com\/wp-content\/uploads\/2022\/02\/0.Aluminium-welding-working-units-1024x683.jpg 1024w, https:\/\/pespaalumin.com\/wp-content\/uploads\/2022\/02\/0.Aluminium-welding-working-units-768x512.jpg 768w, https:\/\/pespaalumin.com\/wp-content\/uploads\/2022\/02\/0.Aluminium-welding-working-units-1536x1024.jpg 1536w, https:\/\/pespaalumin.com\/wp-content\/uploads\/2022\/02\/0.Aluminium-welding-working-units-2048x1365.jpg 2048w, https:\/\/pespaalumin.com\/wp-content\/uploads\/2022\/02\/0.Aluminium-welding-working-units-500x333.jpg 500w, https:\/\/pespaalumin.com\/wp-content\/uploads\/2022\/02\/0.Aluminium-welding-working-units-800x533.jpg 800w, https:\/\/pespaalumin.com\/wp-content\/uploads\/2022\/02\/0.Aluminium-welding-working-units-1280x853.jpg 1280w\" sizes=\"(max-width: 2560px) 100vw, 2560px\" \/>\t\t\t\t\t\t\t\t\t\t\t\t\t\t\t<\/div>\n\t\t\t\t<\/div>\n\t\t\t\t\t<\/div>\n\t\t<\/div>\n\t\t\t\t\t<\/div>\n\t\t<\/section>\n\t\t\t\t<section class=\"elementor-section elementor-top-section elementor-element elementor-element-20a0074 elementor-section-boxed elementor-section-height-default elementor-section-height-default\" data-id=\"20a0074\" data-element_type=\"section\" data-e-type=\"section\">\n\t\t\t\t\t\t<div class=\"elementor-container elementor-column-gap-default\">\n\t\t\t\t\t<div class=\"elementor-column elementor-col-100 elementor-top-column elementor-element elementor-element-b7418c7\" data-id=\"b7418c7\" data-element_type=\"column\" data-e-type=\"column\">\n\t\t\t<div class=\"elementor-widget-wrap elementor-element-populated\">\n\t\t\t\t\t\t<div class=\"elementor-element elementor-element-aab62c1 elementor-invisible elementor-widget elementor-widget-text-editor\" data-id=\"aab62c1\" data-element_type=\"widget\" data-e-type=\"widget\" data-settings=\"{&quot;_animation&quot;:&quot;fadeIn&quot;}\" data-widget_type=\"text-editor.default\">\n\t\t\t\t<div class=\"elementor-widget-container\">\n\t\t\t\t\t\t\t\t\t<p>Garantiert ZERTIFIZIERTES ALUMINIUMSCHWEISSEN durch europ\u00e4isch akkreditierte Stellen f\u00fcr das Schwei\u00dfen von Aluminiumprodukten bis hin zur strukturellen Verwendung in \u00dcbereinstimmung mit der zertifizierten Norm EN 1090-1 \/ EN 1090-3, die die Qualit\u00e4t w\u00e4hrend und nach jedem Prozess f\u00fcr die Ausf\u00fchrungsklassen EXC1, EXC2, EXC3, EXC4 garantiert. Der Prozess wird von zertifizierten Schwei\u00dfern von einer akkreditierten und geschulten Stelle f\u00fcr das Aluminiumschwei\u00dfen durchgef\u00fchrt, mit &#8220;Zertifikat der Zulassung des Schwei\u00dfers&#8221; f\u00fcr jeden Mitarbeiter gem\u00e4\u00df der Norm UNI EN ISO 9606-2: 2006.<\/p>\t\t\t\t\t\t\t\t<\/div>\n\t\t\t\t<\/div>\n\t\t\t\t\t<\/div>\n\t\t<\/div>\n\t\t\t\t\t<\/div>\n\t\t<\/section>\n\t\t\t\t<section class=\"elementor-section elementor-top-section elementor-element elementor-element-5d19758 elementor-section-boxed elementor-section-height-default elementor-section-height-default\" data-id=\"5d19758\" data-element_type=\"section\" data-e-type=\"section\">\n\t\t\t\t\t\t<div class=\"elementor-container elementor-column-gap-default\">\n\t\t\t\t\t<div class=\"elementor-column elementor-col-100 elementor-top-column elementor-element elementor-element-ec36d69\" data-id=\"ec36d69\" data-element_type=\"column\" data-e-type=\"column\">\n\t\t\t<div class=\"elementor-widget-wrap elementor-element-populated\">\n\t\t\t\t\t\t<div class=\"elementor-element elementor-element-8f384fd elementor-widget elementor-widget-gallery\" data-id=\"8f384fd\" data-element_type=\"widget\" data-e-type=\"widget\" data-settings=\"{&quot;columns&quot;:3,&quot;lazyload&quot;:&quot;yes&quot;,&quot;gallery_layout&quot;:&quot;grid&quot;,&quot;columns_tablet&quot;:2,&quot;columns_mobile&quot;:1,&quot;gap&quot;:{&quot;unit&quot;:&quot;px&quot;,&quot;size&quot;:10,&quot;sizes&quot;:[]},&quot;gap_tablet&quot;:{&quot;unit&quot;:&quot;px&quot;,&quot;size&quot;:10,&quot;sizes&quot;:[]},&quot;gap_mobile&quot;:{&quot;unit&quot;:&quot;px&quot;,&quot;size&quot;:10,&quot;sizes&quot;:[]},&quot;link_to&quot;:&quot;file&quot;,&quot;aspect_ratio&quot;:&quot;3:2&quot;,&quot;overlay_background&quot;:&quot;yes&quot;,&quot;content_hover_animation&quot;:&quot;fade-in&quot;}\" data-widget_type=\"gallery.default\">\n\t\t\t\t<div class=\"elementor-widget-container\">\n\t\t\t\t\t\t\t<div class=\"elementor-gallery__container\">\n\t\t\t\t\t\t\t<a class=\"e-gallery-item elementor-gallery-item elementor-animated-content\" href=\"https:\/\/pespaalumin.com\/wp-content\/uploads\/2022\/02\/1.Aluminium-welding-process-construstion-trusses.jpg\" data-elementor-open-lightbox=\"yes\" data-elementor-lightbox-slideshow=\"8f384fd\" data-elementor-lightbox-title=\"1.Aluminium-welding-process-construstion-trusses\" data-e-action-hash=\"#elementor-action%3Aaction%3Dlightbox%26settings%3DeyJpZCI6MjYzNSwidXJsIjoiaHR0cHM6XC9cL3Blc3BhYWx1bWluLmNvbVwvd3AtY29udGVudFwvdXBsb2Fkc1wvMjAyMlwvMDJcLzEuQWx1bWluaXVtLXdlbGRpbmctcHJvY2Vzcy1jb25zdHJ1c3Rpb24tdHJ1c3Nlcy5qcGciLCJzbGlkZXNob3ciOiI4ZjM4NGZkIn0%3D\">\n\t\t\t\t\t<div class=\"e-gallery-image elementor-gallery-item__image\" data-thumbnail=\"https:\/\/pespaalumin.com\/wp-content\/uploads\/2022\/02\/1.Aluminium-welding-process-construstion-trusses-300x212.jpg\" data-width=\"300\" data-height=\"212\" aria-label=\"\" role=\"img\" ><\/div>\n\t\t\t\t\t\t\t\t\t\t\t<div class=\"elementor-gallery-item__overlay\"><\/div>\n\t\t\t\t\t\t\t\t\t\t\t\t\t\t<\/a>\n\t\t\t\t\t\t\t<a class=\"e-gallery-item elementor-gallery-item elementor-animated-content\" href=\"https:\/\/pespaalumin.com\/wp-content\/uploads\/2022\/02\/2.Aluminium-structure-welding-process.jpg\" data-elementor-open-lightbox=\"yes\" data-elementor-lightbox-slideshow=\"8f384fd\" data-elementor-lightbox-title=\"2.Aluminium-structure-welding-process\" data-e-action-hash=\"#elementor-action%3Aaction%3Dlightbox%26settings%3DeyJpZCI6MjYzNiwidXJsIjoiaHR0cHM6XC9cL3Blc3BhYWx1bWluLmNvbVwvd3AtY29udGVudFwvdXBsb2Fkc1wvMjAyMlwvMDJcLzIuQWx1bWluaXVtLXN0cnVjdHVyZS13ZWxkaW5nLXByb2Nlc3MuanBnIiwic2xpZGVzaG93IjoiOGYzODRmZCJ9\">\n\t\t\t\t\t<div class=\"e-gallery-image elementor-gallery-item__image\" data-thumbnail=\"https:\/\/pespaalumin.com\/wp-content\/uploads\/2022\/02\/2.Aluminium-structure-welding-process-300x212.jpg\" data-width=\"300\" data-height=\"212\" aria-label=\"\" role=\"img\" ><\/div>\n\t\t\t\t\t\t\t\t\t\t\t<div class=\"elementor-gallery-item__overlay\"><\/div>\n\t\t\t\t\t\t\t\t\t\t\t\t\t\t<\/a>\n\t\t\t\t\t\t\t<a class=\"e-gallery-item elementor-gallery-item elementor-animated-content\" href=\"https:\/\/pespaalumin.com\/wp-content\/uploads\/2022\/02\/3.Aluminium-welding-process-work-units.jpg\" data-elementor-open-lightbox=\"yes\" data-elementor-lightbox-slideshow=\"8f384fd\" data-elementor-lightbox-title=\"3.Aluminium welding process work units\" data-e-action-hash=\"#elementor-action%3Aaction%3Dlightbox%26settings%3DeyJpZCI6MjYzNCwidXJsIjoiaHR0cHM6XC9cL3Blc3BhYWx1bWluLmNvbVwvd3AtY29udGVudFwvdXBsb2Fkc1wvMjAyMlwvMDJcLzMuQWx1bWluaXVtLXdlbGRpbmctcHJvY2Vzcy13b3JrLXVuaXRzLmpwZyIsInNsaWRlc2hvdyI6IjhmMzg0ZmQifQ%3D%3D\">\n\t\t\t\t\t<div class=\"e-gallery-image elementor-gallery-item__image\" data-thumbnail=\"https:\/\/pespaalumin.com\/wp-content\/uploads\/2022\/02\/3.Aluminium-welding-process-work-units.jpg\" data-width=\"1\" data-height=\"1\" aria-label=\"\" role=\"img\" ><\/div>\n\t\t\t\t\t\t\t\t\t\t\t<div class=\"elementor-gallery-item__overlay\"><\/div>\n\t\t\t\t\t\t\t\t\t\t\t\t\t\t<\/a>\n\t\t\t\t\t<\/div>\n\t\t\t\t\t<\/div>\n\t\t\t\t<\/div>\n\t\t\t\t\t<\/div>\n\t\t<\/div>\n\t\t\t\t\t<\/div>\n\t\t<\/section>\n\t\t\t\t<\/div>\n\t\t","protected":false},"excerpt":{"rendered":"<p>SCHWEISSGER\u00c4TE UNSERE SCHWEISSGER\u00c4TE Sind spezielle WIG- und MIG-Schwei\u00dfeinheiten von Aluminiumprodukten mit Oberfl\u00e4chen, Formen, Winkeln und verschiedenen Gr\u00f6\u00dfen von Aluminiumlegierungen der Serien 4000, 5000, 6000 usw. Stellen Sie das Aluminiumschwei\u00dfen f\u00fcr eine breite Palette von Aluminiumprodukten sicher, die im Hoch-, Industrie- und Hochbau, in der Architektur-, M\u00f6bel-, Automobil- und Maschinenindustrie verwendet werden. Erm\u00f6glicht die Oberfl\u00e4chenbehandlung dieser [&hellip;]<\/p>\n","protected":false},"author":10,"featured_media":0,"parent":2806,"menu_order":0,"comment_status":"closed","ping_status":"closed","template":"template-page-builder.php","meta":{"_vp_format_video_url":"","_vp_image_focal_point":[],"footnotes":""},"class_list":["post-2786","page","type-page","status-publish","hentry"],"yoast_head":"<!-- This site is optimized with the Yoast SEO plugin v27.3 - https:\/\/yoast.com\/product\/yoast-seo-wordpress\/ -->\n<title>UNSERE SCHWEISSGER\u00c4TE - Pespa Alumin<\/title>\n<meta name=\"robots\" content=\"index, follow, max-snippet:-1, max-image-preview:large, max-video-preview:-1\" \/>\n<link rel=\"canonical\" href=\"https:\/\/pespaalumin.com\/about-company\/our-welding-units\/\" \/>\n<meta property=\"og:locale\" content=\"de_DE\" \/>\n<meta property=\"og:type\" content=\"article\" \/>\n<meta property=\"og:title\" content=\"UNSERE SCHWEISSGER\u00c4TE - Pespa Alumin\" \/>\n<meta property=\"og:description\" content=\"SCHWEISSGER\u00c4TE UNSERE SCHWEISSGER\u00c4TE Sind spezielle WIG- und MIG-Schwei\u00dfeinheiten von Aluminiumprodukten mit Oberfl\u00e4chen, Formen, Winkeln und verschiedenen Gr\u00f6\u00dfen von Aluminiumlegierungen der Serien 4000, 5000, 6000 usw. Stellen Sie das Aluminiumschwei\u00dfen f\u00fcr eine breite Palette von Aluminiumprodukten sicher, die im Hoch-, Industrie- und Hochbau, in der Architektur-, M\u00f6bel-, Automobil- und Maschinenindustrie verwendet werden. Erm\u00f6glicht die Oberfl\u00e4chenbehandlung dieser [&hellip;]\" \/>\n<meta property=\"og:url\" content=\"https:\/\/pespaalumin.com\/about-company\/our-welding-units\/\" \/>\n<meta property=\"og:site_name\" content=\"Pespa Alumin\" \/>\n<meta property=\"article:publisher\" content=\"https:\/\/www.facebook.com\/pespagroup.albania\" \/>\n<meta property=\"article:modified_time\" content=\"2023-09-15T03:00:40+00:00\" \/>\n<meta property=\"og:image\" content=\"https:\/\/pespaalumin.com\/wp-content\/uploads\/2022\/02\/0.Aluminium-welding-working-units-scaled.jpg\" \/>\n\t<meta property=\"og:image:width\" content=\"2560\" \/>\n\t<meta property=\"og:image:height\" content=\"1707\" \/>\n\t<meta property=\"og:image:type\" content=\"image\/jpeg\" \/>\n<meta name=\"twitter:card\" content=\"summary_large_image\" \/>\n<meta name=\"twitter:label1\" content=\"Gesch\u00e4tzte Lesezeit\" \/>\n\t<meta name=\"twitter:data1\" content=\"1 minute\" \/>\n<script type=\"application\/ld+json\" class=\"yoast-schema-graph\">{\"@context\":\"https:\\\/\\\/schema.org\",\"@graph\":[{\"@type\":\"WebPage\",\"@id\":\"https:\\\/\\\/pespaalumin.com\\\/about-company\\\/our-welding-units\\\/\",\"url\":\"https:\\\/\\\/pespaalumin.com\\\/about-company\\\/our-welding-units\\\/\",\"name\":\"UNSERE SCHWEISSGER\u00c4TE - Pespa Alumin\",\"isPartOf\":{\"@id\":\"https:\\\/\\\/pespaalumin.com\\\/#website\"},\"primaryImageOfPage\":{\"@id\":\"https:\\\/\\\/pespaalumin.com\\\/about-company\\\/our-welding-units\\\/#primaryimage\"},\"image\":{\"@id\":\"https:\\\/\\\/pespaalumin.com\\\/about-company\\\/our-welding-units\\\/#primaryimage\"},\"thumbnailUrl\":\"https:\\\/\\\/pespaalumin.com\\\/wp-content\\\/uploads\\\/2022\\\/02\\\/0.Aluminium-welding-working-units-scaled.jpg\",\"datePublished\":\"2022-02-21T13:59:01+00:00\",\"dateModified\":\"2023-09-15T03:00:40+00:00\",\"breadcrumb\":{\"@id\":\"https:\\\/\\\/pespaalumin.com\\\/about-company\\\/our-welding-units\\\/#breadcrumb\"},\"inLanguage\":\"de-DE\",\"potentialAction\":[{\"@type\":\"ReadAction\",\"target\":[\"https:\\\/\\\/pespaalumin.com\\\/about-company\\\/our-welding-units\\\/\"]}]},{\"@type\":\"ImageObject\",\"inLanguage\":\"de-DE\",\"@id\":\"https:\\\/\\\/pespaalumin.com\\\/about-company\\\/our-welding-units\\\/#primaryimage\",\"url\":\"https:\\\/\\\/pespaalumin.com\\\/wp-content\\\/uploads\\\/2022\\\/02\\\/0.Aluminium-welding-working-units-scaled.jpg\",\"contentUrl\":\"https:\\\/\\\/pespaalumin.com\\\/wp-content\\\/uploads\\\/2022\\\/02\\\/0.Aluminium-welding-working-units-scaled.jpg\"},{\"@type\":\"BreadcrumbList\",\"@id\":\"https:\\\/\\\/pespaalumin.com\\\/about-company\\\/our-welding-units\\\/#breadcrumb\",\"itemListElement\":[{\"@type\":\"ListItem\",\"position\":1,\"name\":\"Home\",\"item\":\"https:\\\/\\\/pespaalumin.com\\\/\"},{\"@type\":\"ListItem\",\"position\":2,\"name\":\"Profil des Unternehmens\",\"item\":\"https:\\\/\\\/pespaalumin.com\\\/about-company\\\/\"},{\"@type\":\"ListItem\",\"position\":3,\"name\":\"UNSERE SCHWEISSGER\u00c4TE\"}]},{\"@type\":\"WebSite\",\"@id\":\"https:\\\/\\\/pespaalumin.com\\\/#website\",\"url\":\"https:\\\/\\\/pespaalumin.com\\\/\",\"name\":\"Pespa Alumin\",\"description\":\"\",\"publisher\":{\"@id\":\"https:\\\/\\\/pespaalumin.com\\\/#organization\"},\"potentialAction\":[{\"@type\":\"SearchAction\",\"target\":{\"@type\":\"EntryPoint\",\"urlTemplate\":\"https:\\\/\\\/pespaalumin.com\\\/?s={search_term_string}\"},\"query-input\":{\"@type\":\"PropertyValueSpecification\",\"valueRequired\":true,\"valueName\":\"search_term_string\"}}],\"inLanguage\":\"de-DE\"},{\"@type\":\"Organization\",\"@id\":\"https:\\\/\\\/pespaalumin.com\\\/#organization\",\"name\":\"Pespa Alumin\",\"url\":\"https:\\\/\\\/pespaalumin.com\\\/\",\"logo\":{\"@type\":\"ImageObject\",\"inLanguage\":\"de-DE\",\"@id\":\"https:\\\/\\\/pespaalumin.com\\\/#\\\/schema\\\/logo\\\/image\\\/\",\"url\":\"https:\\\/\\\/pespaalumin.com\\\/wp-content\\\/uploads\\\/2022\\\/02\\\/Pespa-logo-8.png\",\"contentUrl\":\"https:\\\/\\\/pespaalumin.com\\\/wp-content\\\/uploads\\\/2022\\\/02\\\/Pespa-logo-8.png\",\"width\":187,\"height\":33,\"caption\":\"Pespa Alumin\"},\"image\":{\"@id\":\"https:\\\/\\\/pespaalumin.com\\\/#\\\/schema\\\/logo\\\/image\\\/\"},\"sameAs\":[\"https:\\\/\\\/www.facebook.com\\\/pespagroup.albania\",\"https:\\\/\\\/www.youtube.com\\\/@PESPAGROUP\"]}]}<\/script>\n<!-- \/ Yoast SEO plugin. -->","yoast_head_json":{"title":"UNSERE SCHWEISSGER\u00c4TE - Pespa Alumin","robots":{"index":"index","follow":"follow","max-snippet":"max-snippet:-1","max-image-preview":"max-image-preview:large","max-video-preview":"max-video-preview:-1"},"canonical":"https:\/\/pespaalumin.com\/about-company\/our-welding-units\/","og_locale":"de_DE","og_type":"article","og_title":"UNSERE SCHWEISSGER\u00c4TE - Pespa Alumin","og_description":"SCHWEISSGER\u00c4TE UNSERE SCHWEISSGER\u00c4TE Sind spezielle WIG- und MIG-Schwei\u00dfeinheiten von Aluminiumprodukten mit Oberfl\u00e4chen, Formen, Winkeln und verschiedenen Gr\u00f6\u00dfen von Aluminiumlegierungen der Serien 4000, 5000, 6000 usw. Stellen Sie das Aluminiumschwei\u00dfen f\u00fcr eine breite Palette von Aluminiumprodukten sicher, die im Hoch-, Industrie- und Hochbau, in der Architektur-, M\u00f6bel-, Automobil- und Maschinenindustrie verwendet werden. Erm\u00f6glicht die Oberfl\u00e4chenbehandlung dieser [&hellip;]","og_url":"https:\/\/pespaalumin.com\/about-company\/our-welding-units\/","og_site_name":"Pespa Alumin","article_publisher":"https:\/\/www.facebook.com\/pespagroup.albania","article_modified_time":"2023-09-15T03:00:40+00:00","og_image":[{"width":2560,"height":1707,"url":"https:\/\/pespaalumin.com\/wp-content\/uploads\/2022\/02\/0.Aluminium-welding-working-units-scaled.jpg","type":"image\/jpeg"}],"twitter_card":"summary_large_image","twitter_misc":{"Gesch\u00e4tzte Lesezeit":"1 minute"},"schema":{"@context":"https:\/\/schema.org","@graph":[{"@type":"WebPage","@id":"https:\/\/pespaalumin.com\/about-company\/our-welding-units\/","url":"https:\/\/pespaalumin.com\/about-company\/our-welding-units\/","name":"UNSERE SCHWEISSGER\u00c4TE - Pespa Alumin","isPartOf":{"@id":"https:\/\/pespaalumin.com\/#website"},"primaryImageOfPage":{"@id":"https:\/\/pespaalumin.com\/about-company\/our-welding-units\/#primaryimage"},"image":{"@id":"https:\/\/pespaalumin.com\/about-company\/our-welding-units\/#primaryimage"},"thumbnailUrl":"https:\/\/pespaalumin.com\/wp-content\/uploads\/2022\/02\/0.Aluminium-welding-working-units-scaled.jpg","datePublished":"2022-02-21T13:59:01+00:00","dateModified":"2023-09-15T03:00:40+00:00","breadcrumb":{"@id":"https:\/\/pespaalumin.com\/about-company\/our-welding-units\/#breadcrumb"},"inLanguage":"de-DE","potentialAction":[{"@type":"ReadAction","target":["https:\/\/pespaalumin.com\/about-company\/our-welding-units\/"]}]},{"@type":"ImageObject","inLanguage":"de-DE","@id":"https:\/\/pespaalumin.com\/about-company\/our-welding-units\/#primaryimage","url":"https:\/\/pespaalumin.com\/wp-content\/uploads\/2022\/02\/0.Aluminium-welding-working-units-scaled.jpg","contentUrl":"https:\/\/pespaalumin.com\/wp-content\/uploads\/2022\/02\/0.Aluminium-welding-working-units-scaled.jpg"},{"@type":"BreadcrumbList","@id":"https:\/\/pespaalumin.com\/about-company\/our-welding-units\/#breadcrumb","itemListElement":[{"@type":"ListItem","position":1,"name":"Home","item":"https:\/\/pespaalumin.com\/"},{"@type":"ListItem","position":2,"name":"Profil des Unternehmens","item":"https:\/\/pespaalumin.com\/about-company\/"},{"@type":"ListItem","position":3,"name":"UNSERE SCHWEISSGER\u00c4TE"}]},{"@type":"WebSite","@id":"https:\/\/pespaalumin.com\/#website","url":"https:\/\/pespaalumin.com\/","name":"Pespa Alumin","description":"","publisher":{"@id":"https:\/\/pespaalumin.com\/#organization"},"potentialAction":[{"@type":"SearchAction","target":{"@type":"EntryPoint","urlTemplate":"https:\/\/pespaalumin.com\/?s={search_term_string}"},"query-input":{"@type":"PropertyValueSpecification","valueRequired":true,"valueName":"search_term_string"}}],"inLanguage":"de-DE"},{"@type":"Organization","@id":"https:\/\/pespaalumin.com\/#organization","name":"Pespa Alumin","url":"https:\/\/pespaalumin.com\/","logo":{"@type":"ImageObject","inLanguage":"de-DE","@id":"https:\/\/pespaalumin.com\/#\/schema\/logo\/image\/","url":"https:\/\/pespaalumin.com\/wp-content\/uploads\/2022\/02\/Pespa-logo-8.png","contentUrl":"https:\/\/pespaalumin.com\/wp-content\/uploads\/2022\/02\/Pespa-logo-8.png","width":187,"height":33,"caption":"Pespa Alumin"},"image":{"@id":"https:\/\/pespaalumin.com\/#\/schema\/logo\/image\/"},"sameAs":["https:\/\/www.facebook.com\/pespagroup.albania","https:\/\/www.youtube.com\/@PESPAGROUP"]}]}},"_links":{"self":[{"href":"https:\/\/pespaalumin.com\/de\/wp-json\/wp\/v2\/pages\/2786","targetHints":{"allow":["GET"]}}],"collection":[{"href":"https:\/\/pespaalumin.com\/de\/wp-json\/wp\/v2\/pages"}],"about":[{"href":"https:\/\/pespaalumin.com\/de\/wp-json\/wp\/v2\/types\/page"}],"author":[{"embeddable":true,"href":"https:\/\/pespaalumin.com\/de\/wp-json\/wp\/v2\/users\/10"}],"replies":[{"embeddable":true,"href":"https:\/\/pespaalumin.com\/de\/wp-json\/wp\/v2\/comments?post=2786"}],"version-history":[{"count":0,"href":"https:\/\/pespaalumin.com\/de\/wp-json\/wp\/v2\/pages\/2786\/revisions"}],"up":[{"embeddable":true,"href":"https:\/\/pespaalumin.com\/de\/wp-json\/wp\/v2\/pages\/2806"}],"wp:attachment":[{"href":"https:\/\/pespaalumin.com\/de\/wp-json\/wp\/v2\/media?parent=2786"}],"curies":[{"name":"wp","href":"https:\/\/api.w.org\/{rel}","templated":true}]}}